{"id":3796,"date":"2025-06-04T09:31:13","date_gmt":"2025-06-04T09:31:13","guid":{"rendered":"https:\/\/radimed.de\/?page_id=3796"},"modified":"2025-08-19T10:43:20","modified_gmt":"2025-08-19T10:43:20","slug":"eifu","status":"publish","type":"page","link":"https:\/\/radimed.de\/en\/eifu\/","title":{"rendered":"eIFU"},"content":{"rendered":"<div data-elementor-type=\"wp-post\" data-elementor-id=\"3796\" class=\"elementor elementor-3796\" data-elementor-post-type=\"page\">\n\t\t\t\t<div class=\"elementor-element elementor-element-1dd505a e-flex e-con-boxed e-con e-parent\" data-id=\"1dd505a\" data-element_type=\"container\" data-e-type=\"container\" data-settings=\"{&quot;background_background&quot;:&quot;classic&quot;,&quot;shape_divider_bottom&quot;:&quot;waves&quot;,&quot;shape_divider_bottom_negative&quot;:&quot;yes&quot;}\">\n\t\t\t\t\t<div class=\"e-con-inner\">\n\t\t\t\t<div class=\"elementor-shape elementor-shape-bottom\" aria-hidden=\"true\" data-negative=\"true\">\n\t\t\t<svg xmlns=\"http:\/\/www.w3.org\/2000\/svg\" viewbox=\"0 0 1000 100\" preserveaspectratio=\"none\">\n\t<path class=\"elementor-shape-fill\" d=\"M790.5,93.1c-59.3-5.3-116.8-18-192.6-50c-29.6-12.7-76.9-31-100.5-35.9c-23.6-4.9-52.6-7.8-75.5-5.3\tc-10.2,1.1-22.6,1.4-50.1,7.4c-27.2,6.3-58.2,16.6-79.4,24.7c-41.3,15.9-94.9,21.9-134,22.6C72,58.2,0,25.8,0,25.8V100h1000V65.3\tc0,0-51.5,19.4-106.2,25.7C839.5,97,814.1,95.2,790.5,93.1z\"\/>\n<\/svg>\t\t<\/div>\n\t\t<div class=\"elementor-element elementor-element-0de6bc2 e-con-full e-flex e-con e-child\" data-id=\"0de6bc2\" data-element_type=\"container\" data-e-type=\"container\">\n\t\t\t\t<div class=\"elementor-element elementor-element-5308591 elementor-widget elementor-widget-heading\" data-id=\"5308591\" data-element_type=\"widget\" data-e-type=\"widget\" data-widget_type=\"heading.default\">\n\t\t\t\t\t\t<div class=\"elementor-widget-container\">\n\t\t\t\t\t<h1 class=\"elementor-heading-title elementor-size-default\">eIFU<\/h1>\t\t\t\t<\/div>\n\t\t\t\t<\/div>\n\t\t\t\t<\/div>\n\t\t\t\t\t<\/div>\n\t\t\t\t<\/div>\n\t\t<div class=\"elementor-element elementor-element-f408bde e-flex e-con-boxed e-con e-parent\" data-id=\"f408bde\" data-element_type=\"container\" data-e-type=\"container\">\n\t\t\t\t\t<div class=\"e-con-inner\">\n\t\t\t\t<div class=\"elementor-element elementor-element-f4de255 elementor-widget elementor-widget-heading\" data-id=\"f4de255\" data-element_type=\"widget\" data-e-type=\"widget\" data-widget_type=\"heading.default\">\n\t\t\t\t\t\t<div class=\"elementor-widget-container\">\n\t\t\t\t\t<h2 class=\"elementor-heading-title elementor-size-default\">Electronic operating instructions (eIFU)<\/h2>\t\t\t\t<\/div>\n\t\t\t\t<\/div>\n\t\t\t\t\t<\/div>\n\t\t\t\t<\/div>\n\t\t<div class=\"elementor-element elementor-element-7724012 e-flex e-con-boxed e-con e-parent\" data-id=\"7724012\" data-element_type=\"container\" data-e-type=\"container\">\n\t\t\t\t\t<div class=\"e-con-inner\">\n\t\t\t\t<div class=\"elementor-element elementor-element-89c31bd elementor-widget elementor-widget-heading\" data-id=\"89c31bd\" data-element_type=\"widget\" data-e-type=\"widget\" data-widget_type=\"heading.default\">\n\t\t\t\t\t\t<div class=\"elementor-widget-container\">\n\t\t\t\t\t<h4 class=\"elementor-heading-title elementor-size-default\">Category<\/h4>\t\t\t\t<\/div>\n\t\t\t\t<\/div>\n\t\t\t\t<div class=\"elementor-element elementor-element-fdf97e3 uael-nav-menu__align-center uael-nav-menu__breakpoint-none uael-submenu-open-hover uael-submenu-icon-arrow uael-submenu-animation-none uael-link-redirect-child elementor-widget elementor-widget-uael-nav-menu\" data-id=\"fdf97e3\" data-element_type=\"widget\" data-e-type=\"widget\" data-settings=\"{&quot;distance_from_menu&quot;:{&quot;unit&quot;:&quot;px&quot;,&quot;size&quot;:&quot;&quot;,&quot;sizes&quot;:[]},&quot;distance_from_menu_tablet&quot;:{&quot;unit&quot;:&quot;px&quot;,&quot;size&quot;:&quot;&quot;,&quot;sizes&quot;:[]},&quot;distance_from_menu_mobile&quot;:{&quot;unit&quot;:&quot;px&quot;,&quot;size&quot;:&quot;&quot;,&quot;sizes&quot;:[]}}\" data-widget_type=\"uael-nav-menu.default\">\n\t\t\t\t\t\t<div class=\"elementor-widget-container\">\n\t\t\t\t\t\t\t<div class=\"uael-nav-menu uael-layout-horizontal uael-nav-menu-layout uael-pointer__none\" data-layout=\"horizontal\">\n\t\t\t\t<div role=\"button\" class=\"uael-nav-menu__toggle elementor-clickable\">\n\t\t\t\t\t<span class=\"screen-reader-text\">Menu<\/span>\n\t\t\t\t\t<div class=\"uael-nav-menu-icon\">\n\t\t\t\t\t\t\t\t\t\t\t<\/div>\n\t\t\t\t\t\t\t\t\t<\/div>\n\t\t\t\t\t\t\t<nav class=\"uael-nav-menu__layout-horizontal uael-nav-menu__submenu-arrow\" data-toggle-icon=\"\" data-close-icon=\"\" data-full-width=\"\"><ul id=\"menu-1-fdf97e3\" class=\"uael-nav-menu\"><li id=\"menu-item-4457\" class=\"menu-item menu-item-type-custom menu-item-object-custom parent uael-creative-menu\"><a href=\"https:\/\/eifu.radimed.de\" class = \"uael-menu-item\">RF cable<\/a><\/li>\n<li id=\"menu-item-4458\" class=\"menu-item menu-item-type-custom menu-item-object-custom parent uael-creative-menu\"><a href=\"https:\/\/eifu.radimed.de\" class = \"uael-menu-item\">RF electrode reusable<\/a><\/li>\n<li id=\"menu-item-4459\" class=\"menu-item menu-item-type-custom menu-item-object-custom parent uael-creative-menu\"><a href=\"https:\/\/eifu.radimed.de\" class = \"uael-menu-item\">RF-Electrode Single Use<\/a><\/li>\n<li id=\"menu-item-4460\" class=\"menu-item menu-item-type-custom menu-item-object-custom parent uael-creative-menu\"><a href=\"https:\/\/eifu.radimed.de\" class = \"uael-menu-item\">RF-Cannulas<\/a><\/li>\n<li id=\"menu-item-4461\" class=\"menu-item menu-item-type-custom menu-item-object-custom parent uael-creative-menu\"><a href=\"https:\/\/eifu.radimed.de\" class = \"uael-menu-item\">Laserfibers (PLDD)<\/a><\/li>\n<\/ul><\/nav>\n\t\t\t\t\t<\/div>\n\t\t\t\t\t\t\t<\/div>\n\t\t\t\t<\/div>\n\t\t\t\t\t<\/div>\n\t\t\t\t<\/div>\n\t\t<div class=\"elementor-element elementor-element-ead334b e-flex e-con-boxed e-con e-parent\" data-id=\"ead334b\" data-element_type=\"container\" data-e-type=\"container\">\n\t\t\t\t\t<div class=\"e-con-inner\">\n\t\t\t\t<div class=\"elementor-element elementor-element-8cc278b elementor-widget elementor-widget-image\" data-id=\"8cc278b\" data-element_type=\"widget\" data-e-type=\"widget\" data-widget_type=\"image.default\">\n\t\t\t\t\t\t<div class=\"elementor-widget-container\">\n\t\t\t\t\t\t\t\t\t\t\t\t\t\t\t<img decoding=\"async\" width=\"60\" height=\"58\" src=\"https:\/\/radimed.de\/wp-content\/uploads\/2025\/06\/Acrobat_icon.svg\" class=\"attachment-full size-full wp-image-3839\" alt=\"\" \/>\t\t\t\t\t\t\t\t\t\t\t\t\t\t\t<\/div>\n\t\t\t\t<\/div>\n\t\t\t\t<div class=\"elementor-element elementor-element-ae9391a elementor-widget elementor-widget-text-editor\" data-id=\"ae9391a\" data-element_type=\"widget\" data-e-type=\"widget\" data-widget_type=\"text-editor.default\">\n\t\t\t\t\t\t<div class=\"elementor-widget-container\">\n\t\t\t\t\t\t\t\t\t<p><span class=\"s1\"><b>Note:<\/b><\/span> The electronic instructions for use (eIFU) are available in PDF format. To view them, you need a programme that can open PDF files - for example, the free Adobe Acrobat Reader. You can download it here: <a href=\"https:\/\/get.adobe.com\/de\/reader\/\">https:\/\/get.adobe.com\/de\/reader\/<\/a>.<\/p><p>If you would like a printed version of the instructions for use, please send an e-mail to: <a href=\"mailto:QM@radimed.de\"><span class=\"s1\">QM@radimed.de<\/span><\/a><\/p>\t\t\t\t\t\t\t\t<\/div>\n\t\t\t\t<\/div>\n\t\t\t\t\t<\/div>\n\t\t\t\t<\/div>\n\t\t\t\t<\/div>","protected":false},"excerpt":{"rendered":"<p>eIFU elektronische Bedienungsanleitungen (eIFU) Kategorie Main Menu RF-Cable RF-Electrode reuseable RF-Electrode Single Use RF-Cannulas Laserfibers (PLDD) Hinweis: Die elektronischen Gebrauchsanweisungen (eIFU) sind im PDF-Format verf\u00fcgbar. Zum Anzeigen ben\u00f6tigen Sie ein Programm, das PDF-Dateien \u00f6ffnen kann \u2013 zum Beispiel den kostenlosen Adobe Acrobat Reader. Sie k\u00f6nnen ihn hier herunterladen: https:\/\/get.adobe.com\/de\/reader\/. Wenn Sie eine gedruckte Version der [&hellip;]<\/p>\n","protected":false},"author":1,"featured_media":0,"parent":0,"menu_order":1,"comment_status":"closed","ping_status":"closed","template":"","meta":{"site-sidebar-layout":"no-sidebar","site-content-layout":"page-builder","ast-site-content-layout":"full-width-container","site-content-style":"unboxed","site-sidebar-style":"unboxed","ast-global-header-display":"","ast-banner-title-visibility":"","ast-main-header-display":"","ast-hfb-above-header-display":"","ast-hfb-below-header-display":"","ast-hfb-mobile-header-display":"","site-post-title":"","ast-breadcrumbs-content":"","ast-featured-img":"disabled","footer-sml-layout":"","ast-disable-related-posts":"","theme-transparent-header-meta":"enabled","adv-header-id-meta":"","stick-header-meta":"","header-above-stick-meta":"","header-main-stick-meta":"","header-below-stick-meta":"","astra-migrate-meta-layouts":"set","ast-page-background-enabled":"default","ast-page-background-meta":{"desktop":{"background-color":"","background-image":"","background-repeat":"repeat","background-position":"center center","background-size":"auto","background-attachment":"scroll","background-type":"","background-media":"","overlay-type":"","overlay-color":"","overlay-opacity":"","overlay-gradient":""},"tablet":{"background-color":"","background-image":"","background-repeat":"repeat","background-position":"center center","background-size":"auto","background-attachment":"scroll","background-type":"","background-media":"","overlay-type":"","overlay-color":"","overlay-opacity":"","overlay-gradient":""},"mobile":{"background-color":"","background-image":"","background-repeat":"repeat","background-position":"center center","background-size":"auto","background-attachment":"scroll","background-type":"","background-media":"","overlay-type":"","overlay-color":"","overlay-opacity":"","overlay-gradient":""}},"ast-content-background-meta":{"desktop":{"background-color":"var(--ast-global-color-5)","background-image":"","background-repeat":"repeat","background-position":"center center","background-size":"auto","background-attachment":"scroll","background-type":"","background-media":"","overlay-type":"","overlay-color":"","overlay-opacity":"","overlay-gradient":""},"tablet":{"background-color":"var(--ast-global-color-5)","background-image":"","background-repeat":"repeat","background-position":"center center","background-size":"auto","background-attachment":"scroll","background-type":"","background-media":"","overlay-type":"","overlay-color":"","overlay-opacity":"","overlay-gradient":""},"mobile":{"background-color":"var(--ast-global-color-5)","background-image":"","background-repeat":"repeat","background-position":"center center","background-size":"auto","background-attachment":"scroll","background-type":"","background-media":"","overlay-type":"","overlay-color":"","overlay-opacity":"","overlay-gradient":""}},"footnotes":""},"class_list":["post-3796","page","type-page","status-publish","hentry"],"_links":{"self":[{"href":"https:\/\/radimed.de\/en\/wp-json\/wp\/v2\/pages\/3796","targetHints":{"allow":["GET"]}}],"collection":[{"href":"https:\/\/radimed.de\/en\/wp-json\/wp\/v2\/pages"}],"about":[{"href":"https:\/\/radimed.de\/en\/wp-json\/wp\/v2\/types\/page"}],"author":[{"embeddable":true,"href":"https:\/\/radimed.de\/en\/wp-json\/wp\/v2\/users\/1"}],"replies":[{"embeddable":true,"href":"https:\/\/radimed.de\/en\/wp-json\/wp\/v2\/comments?post=3796"}],"version-history":[{"count":43,"href":"https:\/\/radimed.de\/en\/wp-json\/wp\/v2\/pages\/3796\/revisions"}],"predecessor-version":[{"id":4189,"href":"https:\/\/radimed.de\/en\/wp-json\/wp\/v2\/pages\/3796\/revisions\/4189"}],"wp:attachment":[{"href":"https:\/\/radimed.de\/en\/wp-json\/wp\/v2\/media?parent=3796"}],"curies":[{"name":"wp","href":"https:\/\/api.w.org\/{rel}","templated":true}]}}