{"id":1880,"date":"2024-01-29T21:33:56","date_gmt":"2024-01-29T21:33:56","guid":{"rendered":"https:\/\/quizzical-hoover.92-205-185-44.plesk.page\/?page_id=1880"},"modified":"2025-08-14T08:51:38","modified_gmt":"2025-08-14T08:51:38","slug":"sets-laserfasern-pldd","status":"publish","type":"page","link":"https:\/\/radimed.de\/en\/produkte\/sets-laserfasern-pldd\/","title":{"rendered":"Sets &amp; Laser Fibers PLDD"},"content":{"rendered":"<div data-elementor-type=\"wp-post\" data-elementor-id=\"1880\" class=\"elementor elementor-1880\" data-elementor-post-type=\"page\">\n\t\t\t\t<div class=\"elementor-element elementor-element-ea9e39a e-flex e-con-boxed e-con e-parent\" data-id=\"ea9e39a\" data-element_type=\"container\" data-e-type=\"container\" data-settings=\"{&quot;background_background&quot;:&quot;classic&quot;,&quot;shape_divider_bottom&quot;:&quot;waves&quot;,&quot;shape_divider_bottom_negative&quot;:&quot;yes&quot;}\">\n\t\t\t\t\t<div class=\"e-con-inner\">\n\t\t\t\t<div class=\"elementor-shape elementor-shape-bottom\" aria-hidden=\"true\" data-negative=\"true\">\n\t\t\t<svg xmlns=\"http:\/\/www.w3.org\/2000\/svg\" viewbox=\"0 0 1000 100\" preserveaspectratio=\"none\">\n\t<path class=\"elementor-shape-fill\" d=\"M790.5,93.1c-59.3-5.3-116.8-18-192.6-50c-29.6-12.7-76.9-31-100.5-35.9c-23.6-4.9-52.6-7.8-75.5-5.3\tc-10.2,1.1-22.6,1.4-50.1,7.4c-27.2,6.3-58.2,16.6-79.4,24.7c-41.3,15.9-94.9,21.9-134,22.6C72,58.2,0,25.8,0,25.8V100h1000V65.3\tc0,0-51.5,19.4-106.2,25.7C839.5,97,814.1,95.2,790.5,93.1z\"\/>\n<\/svg>\t\t<\/div>\n\t\t<div class=\"elementor-element elementor-element-722881d4 e-con-full e-flex e-con e-child\" data-id=\"722881d4\" data-element_type=\"container\" data-e-type=\"container\">\n\t\t\t\t<div class=\"elementor-element elementor-element-275d9ef elementor-view-default elementor-widget elementor-widget-icon\" data-id=\"275d9ef\" data-element_type=\"widget\" data-e-type=\"widget\" data-widget_type=\"icon.default\">\n\t\t\t\t\t\t<div class=\"elementor-widget-container\">\n\t\t\t\t\t\t\t<div class=\"elementor-icon-wrapper\">\n\t\t\t<div class=\"elementor-icon\">\n\t\t\t<svg xmlns=\"http:\/\/www.w3.org\/2000\/svg\" xmlns:xlink=\"http:\/\/www.w3.org\/1999\/xlink\" id=\"Ebene_1\" x=\"0px\" y=\"0px\" viewbox=\"0 0 1000 1000\" style=\"enable-background:new 0 0 1000 1000;\" xml:space=\"preserve\"><path d=\"M1000,1000H0V0h1000V1000z M17.16,982.84h965.68V17.16H17.16V982.84z\"><\/path><polygon points=\"257.57,859.49 257.57,968.11 334.39,968.11 334.39,948.03 281.46,948.03 281.46,859.49 \"><\/polygon><path d=\"M377.45,859.49L336.36,968.1h24.05l8.51-24.17h40.64l8.21,24.17h24.8l-40.64-108.61H377.45z M375.17,926.13l14.14-39.87 h0.32l13.69,39.87H375.17z\"><\/path><path d=\"M468.27,932.06h-23.13c-0.1,6.7,1.12,12.47,3.66,17.35c2.52,4.87,5.93,8.86,10.18,12.02c4.35,3.13,9.34,5.42,14.91,6.84 c5.67,1.52,11.52,2.28,17.49,2.28c7.41,0,13.89-0.87,19.48-2.58c5.67-1.73,10.38-4.12,14.14-7.15c3.86-3.15,6.74-6.85,8.67-11.11 c1.93-4.25,2.9-8.88,2.9-13.85c0-6.09-1.32-11.05-3.96-14.91c-2.54-3.96-5.57-7.09-9.12-9.44c-3.55-2.32-7.15-4-10.81-5.02 c-3.55-1.1-6.32-1.87-8.35-2.27c-6.82-1.73-12.33-3.15-16.59-4.27c-4.16-1.1-7.47-2.23-9.89-3.33c-2.34-1.12-3.92-2.34-4.73-3.66 s-1.2-3.03-1.2-5.18c0-2.32,0.49-4.25,1.52-5.77c1-1.52,2.28-2.8,3.8-3.8c1.62-1.02,3.41-1.73,5.32-2.13 c1.93-0.41,3.86-0.61,5.79-0.61c2.93,0,5.63,0.26,8.06,0.77c2.52,0.49,4.77,1.36,6.7,2.58s3.45,2.9,4.55,5.02 c1.22,2.13,1.93,4.81,2.15,8.06h23.13c0-6.28-1.22-11.62-3.66-15.98c-2.32-4.47-5.52-8.12-9.57-10.95 c-4.06-2.84-8.73-4.87-14.01-6.09c-5.18-1.32-10.6-1.97-16.29-1.97c-4.85,0-9.73,0.65-14.6,1.97s-9.22,3.35-13.08,6.09 c-3.84,2.74-6.99,6.19-9.44,10.34c-2.32,4.06-3.49,8.88-3.49,14.46c0,4.96,0.91,9.22,2.74,12.78c1.91,3.45,4.41,6.34,7.45,8.67 c3.03,2.32,6.5,4.25,10.34,5.77c3.86,1.42,7.82,2.64,11.88,3.66c3.94,1.1,7.86,2.13,11.7,3.03c3.86,0.93,7.31,1.99,10.36,3.21 c3.03,1.2,5.48,2.72,7.29,4.55c1.93,1.83,2.9,4.22,2.9,7.15c0,2.74-0.71,5.02-2.13,6.85c-1.44,1.71-3.19,3.09-5.32,4.1 c-2.15,1.02-4.41,1.73-6.85,2.13c-2.44,0.32-4.73,0.47-6.84,0.47c-3.15,0-6.19-0.37-9.14-1.08c-2.93-0.81-5.54-1.97-7.76-3.49 c-2.13-1.63-3.86-3.7-5.16-6.24C468.92,938.82,468.27,935.7,468.27,932.06\"><\/path><polygon points=\"550.73,859.49 550.73,968.11 633.19,968.11 633.19,948.03 574.61,948.03 574.61,921.4 627.26,921.4 627.26,902.85  574.61,902.85 574.61,879.56 631.97,879.56 631.97,859.49 \"><\/polygon><path d=\"M649.31,859.48v108.63h23.89v-42.45h23.87c5.99,0,10.3,1.32,12.94,3.96s4.35,6.8,5.18,12.47c0.61,4.37,1.04,8.92,1.36,13.69 c0.3,4.77,1.1,8.88,2.44,12.33h23.87c-1.1-1.52-1.97-3.35-2.58-5.48c-0.51-2.25-0.91-4.57-1.22-6.99c-0.22-2.44-0.35-4.83-0.45-7.15 c-0.1-2.34-0.2-4.37-0.32-6.09c-0.2-2.74-0.59-5.48-1.2-8.23c-0.51-2.74-1.38-5.22-2.6-7.45c-1.22-2.32-2.8-4.31-4.71-5.93 c-1.93-1.73-4.35-2.99-7.31-3.8v-0.32c6.09-2.42,10.46-5.97,13.1-10.64c2.72-4.67,4.1-10.2,4.1-16.59c0-4.16-0.77-8.02-2.28-11.56 c-1.42-3.64-3.55-6.85-6.4-9.59c-2.72-2.74-6.07-4.87-10.03-6.38c-3.86-1.63-8.21-2.44-13.08-2.44H649.31z M673.2,908.63v-30.57 h26.16c5.48,0,9.59,1.2,12.33,3.64c2.74,2.32,4.12,6.13,4.12,11.41c0,5.48-1.38,9.44-4.12,11.88c-2.74,2.42-6.85,3.64-12.33,3.64 H673.2z\"><\/path><path d=\"M929.29,724.59L558.24,81.72c-14.91-25.82-35.59-40.05-58.23-40.05c-22.63,0-43.3,14.23-58.22,40.05L70.71,724.59 c-14.91,25.83-16.88,50.86-5.56,70.48c11.32,19.6,33.98,30.39,63.81,30.39l462.9,0.02l279.2-0.02c29.82,0,52.48-10.79,63.81-30.39 C946.18,775.45,944.2,750.43,929.29,724.59z M910.28,780.88c-6.04,10.45-19.97,16.2-39.22,16.2l-279.2,0.02l-462.9-0.02 c-19.27,0-33.19-5.75-39.23-16.2c-6.03-10.46-4.06-25.41,5.57-42.09L466.37,95.91c9.63-16.68,21.57-25.86,33.63-25.86 c12.07,0,24.01,9.19,33.64,25.86l252.53,437.53l-217.43,12.26c-0.21-3.8-0.55-7.56-1.35-11.17l78.06-17.59l-4.16-14.54l-75.96,25.48 c-1.13-3.42-2.49-6.68-4.12-9.84l126.9-66.16l-10.14-17.57L558.1,512.3c-2.08-3.24-4.5-6.21-7.08-9.05L609.81,449l-10.87-10.5 l-52.86,59.84c-2.66-2.39-5.4-4.69-8.42-6.65l76.57-120.34l-17.57-10.14l-64.78,127.35c-3.4-1.78-6.93-3.24-10.63-4.44l23.71-76.1 l-14.65-3.66l-15.75,77.69c-3.46-0.74-7.08-1-10.72-1.2l6.14-142.29h-20.31l7.56,142.21c-3.93,0.16-7.81,0.48-11.55,1.27 l-17.37-77.09l-14.54,4.16l25.17,75.02c-3.48,1.13-6.81,2.47-10.02,4.11l-65.67-125.95l-17.57,10.14l77.39,118.98 c-3.3,2.11-6.33,4.54-9.21,7.16l-53.49-57.97l-10.52,10.87l59.03,52.14c-2.43,2.71-4.74,5.51-6.72,8.58L322.7,436.18l-10.14,17.57 l126.42,64.29c-1.78,3.46-3.24,7.05-4.42,10.82l-75.19-23.42l-3.66,14.67l76.76,15.55c-0.72,3.51-0.94,7.19-1.1,10.88l-141.46-6.09 v20.29l141.53-7.52c0.21,3.96,0.61,7.86,1.47,11.62l-76.63,17.26l4.16,14.54l74.57-25.02c1.18,3.48,2.62,6.79,4.32,9.99 l-125.71,65.54l10.14,17.57l118.75-77.24c2.16,3.27,4.67,6.27,7.35,9.12l-57.92,53.44l10.87,10.5l52.22-59.12 c2.74,2.38,5.57,4.6,8.66,6.52L387.53,727.7l17.57,10.14l64.44-126.73c3.46,1.72,7.07,3.09,10.83,4.22l-23.57,75.7l14.65,3.66 l15.69-77.47c3.49,0.66,7.1,0.97,10.75,1.08l-6.12,142.18h20.31l-7.58-142.41c3.91-0.25,7.75-0.69,11.46-1.57l17.48,77.59 l14.54-4.16l-25.33-75.51c3.42-1.19,6.66-2.64,9.81-4.32l66.04,126.64l17.57-10.14L538.25,607c3.21-2.14,6.15-4.63,8.95-7.26 l54.19,58.73l10.5-10.87l-59.95-52.95c2.35-2.69,4.55-5.47,6.46-8.51l120.64,76.74l10.14-17.57l-127.66-64.92 c1.71-3.4,3.09-6.94,4.23-10.64l76.62,23.87l3.66-14.67l-78.29-15.86c0.67-3.35,0.88-6.86,1.04-10.36l234.85,11.01L904.7,738.79 C914.34,755.47,916.32,770.41,910.28,780.88z\"><\/path><\/svg>\t\t\t<\/div>\n\t\t<\/div>\n\t\t\t\t\t\t<\/div>\n\t\t\t\t<\/div>\n\t\t\t\t<div class=\"elementor-element elementor-element-10d9b374 elementor-widget elementor-widget-heading\" data-id=\"10d9b374\" data-element_type=\"widget\" data-e-type=\"widget\" data-widget_type=\"heading.default\">\n\t\t\t\t\t\t<div class=\"elementor-widget-container\">\n\t\t\t\t\t<h6 class=\"elementor-heading-title elementor-size-default\">Percutaneous laser disc denervation \/ decompression <\/h6>\t\t\t\t<\/div>\n\t\t\t\t<\/div>\n\t\t\t\t<div class=\"elementor-element elementor-element-43bfc795 elementor-widget elementor-widget-heading\" data-id=\"43bfc795\" data-element_type=\"widget\" data-e-type=\"widget\" data-widget_type=\"heading.default\">\n\t\t\t\t\t\t<div class=\"elementor-widget-container\">\n\t\t\t\t\t<h1 class=\"elementor-heading-title elementor-size-default\">Sets &amp; laser fibers for PLDD<\/h1>\t\t\t\t<\/div>\n\t\t\t\t<\/div>\n\t\t\t\t<\/div>\n\t\t\t\t\t<\/div>\n\t\t\t\t<\/div>\n\t\t<div class=\"elementor-element elementor-element-d576f84 e-flex e-con-boxed e-con e-parent\" data-id=\"d576f84\" data-element_type=\"container\" data-e-type=\"container\">\n\t\t\t\t\t<div class=\"e-con-inner\">\n\t\t\t\t<div class=\"elementor-element elementor-element-015f3c2 elementor-widget elementor-widget-heading\" data-id=\"015f3c2\" data-element_type=\"widget\" data-e-type=\"widget\" data-widget_type=\"heading.default\">\n\t\t\t\t\t\t<div class=\"elementor-widget-container\">\n\t\t\t\t\t<h3 class=\"elementor-heading-title elementor-size-default\">Your equipment for safe and flexible use: <br \/>Laser fiber, fiber optic fixator (PLDD adapter) and fine needle, available individually or as a set<\/h3>\t\t\t\t<\/div>\n\t\t\t\t<\/div>\n\t\t\t\t\t<\/div>\n\t\t\t\t<\/div>\n\t\t<div class=\"elementor-element elementor-element-016bb18 e-flex e-con-boxed e-con e-parent\" data-id=\"016bb18\" data-element_type=\"container\" data-e-type=\"container\" id=\"dental_about\" data-settings=\"{&quot;background_background&quot;:&quot;classic&quot;}\">\n\t\t\t\t\t<div class=\"e-con-inner\">\n\t\t<div class=\"elementor-element elementor-element-919ba60 e-con-full e-flex e-con e-child\" data-id=\"919ba60\" data-element_type=\"container\" data-e-type=\"container\">\n\t\t\t\t<div class=\"elementor-element elementor-element-1a82773 elementor-widget elementor-widget-text-editor\" data-id=\"1a82773\" data-element_type=\"widget\" data-e-type=\"widget\" data-widget_type=\"text-editor.default\">\n\t\t\t\t\t\t<div class=\"elementor-widget-container\">\n\t\t\t\t\t\t\t\t\t<p><b>Microinvasive<\/b><\/p><p>The practical PLDD set is compatible with many common laser systems.<span class=\"Apple-converted-space\">\u00a0<\/span><\/p><p><b>Adaptable<\/b><\/p><p>For safe use, the laser fibers are specially tailored to the length of the compatible<span class=\"Apple-converted-space\">\u00a0 <\/span>fineneedle.<span class=\"Apple-converted-space\">\u00a0<\/span><\/p><p><b>Fixed<\/b><\/p><p>In addition, the fiber optic fixator can be used to fix the position of the laser fiber within the fine needle in such a way that it cannot slip accidentally and thus prevent lasering inside the fine needle. The protective tube serves as a kink protection.<\/p><p>The system also allows rotation of the fiber and the escape of possible gases.<\/p>\t\t\t\t\t\t\t\t<\/div>\n\t\t\t\t<\/div>\n\t\t\t\t<\/div>\n\t\t<div class=\"elementor-element elementor-element-41d4346 e-con-full e-flex e-con e-child\" data-id=\"41d4346\" data-element_type=\"container\" data-e-type=\"container\">\n\t\t\t\t<div class=\"elementor-element elementor-element-c5736c6 elementor-widget elementor-widget-image\" data-id=\"c5736c6\" data-element_type=\"widget\" data-e-type=\"widget\" data-widget_type=\"image.default\">\n\t\t\t\t\t\t<div class=\"elementor-widget-container\">\n\t\t\t\t\t\t\t\t\t\t\t\t\t\t\t\t<a href=\"https:\/\/radimed.de\/wp-content\/uploads\/2024\/01\/Radimed2010_0031-1.jpg\" data-elementor-open-lightbox=\"yes\" data-e-action-hash=\"#elementor-action%3Aaction%3Dlightbox%26settings%3DeyJpZCI6MTg0MiwidXJsIjoiaHR0cHM6XC9cL3JhZGltZWQuZGVcL3dwLWNvbnRlbnRcL3VwbG9hZHNcLzIwMjRcLzAxXC9SYWRpbWVkMjAxMF8wMDMxLTEuanBnIn0%3D\">\n\t\t\t\t\t\t\t<img fetchpriority=\"high\" decoding=\"async\" width=\"1500\" height=\"2241\" src=\"https:\/\/radimed.de\/wp-content\/uploads\/2024\/01\/Radimed2010_0031-1.jpg\" class=\"attachment-full size-full wp-image-1842\" alt=\"\" srcset=\"https:\/\/radimed.de\/wp-content\/uploads\/2024\/01\/Radimed2010_0031-1.jpg 1500w, https:\/\/radimed.de\/wp-content\/uploads\/2024\/01\/Radimed2010_0031-1-201x300.jpg 201w, https:\/\/radimed.de\/wp-content\/uploads\/2024\/01\/Radimed2010_0031-1-685x1024.jpg 685w, https:\/\/radimed.de\/wp-content\/uploads\/2024\/01\/Radimed2010_0031-1-768x1147.jpg 768w, https:\/\/radimed.de\/wp-content\/uploads\/2024\/01\/Radimed2010_0031-1-1028x1536.jpg 1028w, https:\/\/radimed.de\/wp-content\/uploads\/2024\/01\/Radimed2010_0031-1-1371x2048.jpg 1371w\" sizes=\"(max-width: 1500px) 100vw, 1500px\" \/>\t\t\t\t\t\t\t\t<\/a>\n\t\t\t\t\t\t\t\t\t\t\t\t\t\t\t<\/div>\n\t\t\t\t<\/div>\n\t\t\t\t<\/div>\n\t\t\t\t\t<\/div>\n\t\t\t\t<\/div>\n\t\t<div class=\"elementor-element elementor-element-2a0f860 e-flex e-con-boxed e-con e-parent\" data-id=\"2a0f860\" data-element_type=\"container\" data-e-type=\"container\">\n\t\t\t\t\t<div class=\"e-con-inner\">\n\t\t\t\t<div class=\"elementor-element elementor-element-7724e5a elementor-widget elementor-widget-image\" data-id=\"7724e5a\" data-element_type=\"widget\" data-e-type=\"widget\" data-widget_type=\"image.default\">\n\t\t\t\t\t\t<div class=\"elementor-widget-container\">\n\t\t\t\t\t\t\t\t\t\t\t\t\t\t\t\t<a href=\"https:\/\/radimed.de\/wp-content\/uploads\/2024\/09\/PLDD_eng.jpg\" data-elementor-open-lightbox=\"yes\" data-e-action-hash=\"#elementor-action%3Aaction%3Dlightbox%26settings%3DeyJpZCI6MTg4NiwidXJsIjoiaHR0cHM6XC9cL3JhZGltZWQuZGVcL3dwLWNvbnRlbnRcL3VwbG9hZHNcLzIwMjRcLzAxXC90YWJlbGxlX3NldHNfbGFzZXJmYXNlcm4tMS5qcGcifQ%3D%3D\">\n\t\t\t\t\t\t\t<img decoding=\"async\" width=\"1024\" height=\"342\" src=\"https:\/\/radimed.de\/wp-content\/uploads\/2024\/09\/PLDD_eng.jpg\" class=\"attachment-large size-large wp-image-1886\" alt=\"\" srcset=\"https:\/\/radimed.de\/wp-content\/uploads\/2024\/09\/PLDD_eng.jpg 1518w, https:\/\/radimed.de\/wp-content\/uploads\/2024\/09\/PLDD_eng-300x99.jpg 300w, https:\/\/radimed.de\/wp-content\/uploads\/2024\/09\/PLDD_eng-1024x339.jpg 1024w, https:\/\/radimed.de\/wp-content\/uploads\/2024\/09\/PLDD_eng-768x254.jpg 768w, https:\/\/radimed.de\/wp-content\/uploads\/2024\/09\/PLDD_eng-18x6.jpg 18w\" sizes=\"(max-width: 1024px) 100vw, 1024px\" \/>\t\t\t\t\t\t\t\t<\/a>\n\t\t\t\t\t\t\t\t\t\t\t\t\t\t\t<\/div>\n\t\t\t\t<\/div>\n\t\t\t\t\t<\/div>\n\t\t\t\t<\/div>\n\t\t\t\t<\/div>","protected":false},"excerpt":{"rendered":"<p>Perkutane Laser Diskus Denervierung \/ Dekompression Sets &amp; Laserfasern zur PLDD Ihr Equipment f\u00fcr die sichere und flexible Anwendung: Laserfaser, Faseroptikfixierer (PLDD Adapter) und Feinnadel, solit\u00e4r oder als Set erh\u00e4ltlich Mikroinvasiv Das praktische Set zur PLDD ist kompatibel zu vielen g\u00e4ngigen Lasersystemen.\u00a0 Anpassungsf\u00e4hig Zum sicheren Einsatz sind die Laserfasern speziell auf die L\u00e4nge der kompatiblen\u00a0 [&hellip;]<\/p>\n","protected":false},"author":1,"featured_media":0,"parent":1342,"menu_order":3,"comment_status":"closed","ping_status":"closed","template":"","meta":{"site-sidebar-layout":"no-sidebar","site-content-layout":"page-builder","ast-site-content-layout":"full-width-container","site-content-style":"unboxed","site-sidebar-style":"unboxed","ast-global-header-display":"","ast-banner-title-visibility":"","ast-main-header-display":"","ast-hfb-above-header-display":"","ast-hfb-below-header-display":"","ast-hfb-mobile-header-display":"","site-post-title":"","ast-breadcrumbs-content":"","ast-featured-img":"disabled","footer-sml-layout":"","ast-disable-related-posts":"","theme-transparent-header-meta":"enabled","adv-header-id-meta":"","stick-header-meta":"","header-above-stick-meta":"","header-main-stick-meta":"","header-below-stick-meta":"","astra-migrate-meta-layouts":"set","ast-page-background-enabled":"default","ast-page-background-meta":{"desktop":{"background-color":"","background-image":"","background-repeat":"repeat","background-position":"center center","background-size":"auto","background-attachment":"scroll","background-type":"","background-media":"","overlay-type":"","overlay-color":"","overlay-opacity":"","overlay-gradient":""},"tablet":{"background-color":"","background-image":"","background-repeat":"repeat","background-position":"center center","background-size":"auto","background-attachment":"scroll","background-type":"","background-media":"","overlay-type":"","overlay-color":"","overlay-opacity":"","overlay-gradient":""},"mobile":{"background-color":"","background-image":"","background-repeat":"repeat","background-position":"center center","background-size":"auto","background-attachment":"scroll","background-type":"","background-media":"","overlay-type":"","overlay-color":"","overlay-opacity":"","overlay-gradient":""}},"ast-content-background-meta":{"desktop":{"background-color":"var(--ast-global-color-5)","background-image":"","background-repeat":"repeat","background-position":"center center","background-size":"auto","background-attachment":"scroll","background-type":"","background-media":"","overlay-type":"","overlay-color":"","overlay-opacity":"","overlay-gradient":""},"tablet":{"background-color":"var(--ast-global-color-5)","background-image":"","background-repeat":"repeat","background-position":"center center","background-size":"auto","background-attachment":"scroll","background-type":"","background-media":"","overlay-type":"","overlay-color":"","overlay-opacity":"","overlay-gradient":""},"mobile":{"background-color":"var(--ast-global-color-5)","background-image":"","background-repeat":"repeat","background-position":"center center","background-size":"auto","background-attachment":"scroll","background-type":"","background-media":"","overlay-type":"","overlay-color":"","overlay-opacity":"","overlay-gradient":""}},"footnotes":""},"class_list":["post-1880","page","type-page","status-publish","hentry"],"_links":{"self":[{"href":"https:\/\/radimed.de\/en\/wp-json\/wp\/v2\/pages\/1880","targetHints":{"allow":["GET"]}}],"collection":[{"href":"https:\/\/radimed.de\/en\/wp-json\/wp\/v2\/pages"}],"about":[{"href":"https:\/\/radimed.de\/en\/wp-json\/wp\/v2\/types\/page"}],"author":[{"embeddable":true,"href":"https:\/\/radimed.de\/en\/wp-json\/wp\/v2\/users\/1"}],"replies":[{"embeddable":true,"href":"https:\/\/radimed.de\/en\/wp-json\/wp\/v2\/comments?post=1880"}],"version-history":[{"count":30,"href":"https:\/\/radimed.de\/en\/wp-json\/wp\/v2\/pages\/1880\/revisions"}],"predecessor-version":[{"id":3999,"href":"https:\/\/radimed.de\/en\/wp-json\/wp\/v2\/pages\/1880\/revisions\/3999"}],"up":[{"embeddable":true,"href":"https:\/\/radimed.de\/en\/wp-json\/wp\/v2\/pages\/1342"}],"wp:attachment":[{"href":"https:\/\/radimed.de\/en\/wp-json\/wp\/v2\/media?parent=1880"}],"curies":[{"name":"wp","href":"https:\/\/api.w.org\/{rel}","templated":true}]}}