{"id":1699,"date":"2023-12-08T10:32:55","date_gmt":"2023-12-08T10:32:55","guid":{"rendered":"https:\/\/quizzical-hoover.92-205-185-44.plesk.page\/?page_id=1699"},"modified":"2024-07-03T07:50:12","modified_gmt":"2024-07-03T07:50:12","slug":"rf-thermoelement-elektroden-und-anschlusskabel","status":"publish","type":"page","link":"https:\/\/radimed.de\/en\/produkte\/rf-thermoelement-elektroden-und-anschlusskabel\/","title":{"rendered":"RF thermocouple electrodes and connecting cables"},"content":{"rendered":"<div data-elementor-type=\"wp-post\" data-elementor-id=\"1699\" class=\"elementor elementor-1699\" data-elementor-post-type=\"page\">\n\t\t\t\t<div class=\"elementor-element elementor-element-1dd505a e-flex e-con-boxed e-con e-parent\" data-id=\"1dd505a\" data-element_type=\"container\" data-e-type=\"container\" data-settings=\"{&quot;background_background&quot;:&quot;classic&quot;,&quot;shape_divider_bottom&quot;:&quot;waves&quot;,&quot;shape_divider_bottom_negative&quot;:&quot;yes&quot;}\">\n\t\t\t\t\t<div class=\"e-con-inner\">\n\t\t\t\t<div class=\"elementor-shape elementor-shape-bottom\" aria-hidden=\"true\" data-negative=\"true\">\n\t\t\t<svg xmlns=\"http:\/\/www.w3.org\/2000\/svg\" viewbox=\"0 0 1000 100\" preserveaspectratio=\"none\">\n\t<path class=\"elementor-shape-fill\" d=\"M790.5,93.1c-59.3-5.3-116.8-18-192.6-50c-29.6-12.7-76.9-31-100.5-35.9c-23.6-4.9-52.6-7.8-75.5-5.3\tc-10.2,1.1-22.6,1.4-50.1,7.4c-27.2,6.3-58.2,16.6-79.4,24.7c-41.3,15.9-94.9,21.9-134,22.6C72,58.2,0,25.8,0,25.8V100h1000V65.3\tc0,0-51.5,19.4-106.2,25.7C839.5,97,814.1,95.2,790.5,93.1z\"\/>\n<\/svg>\t\t<\/div>\n\t\t<div class=\"elementor-element elementor-element-0de6bc2 e-con-full e-flex e-con e-child\" data-id=\"0de6bc2\" data-element_type=\"container\" data-e-type=\"container\">\n\t\t\t\t<div class=\"elementor-element elementor-element-88e88ec elementor-view-default elementor-widget elementor-widget-icon\" data-id=\"88e88ec\" data-element_type=\"widget\" data-e-type=\"widget\" data-widget_type=\"icon.default\">\n\t\t\t\t\t\t<div class=\"elementor-widget-container\">\n\t\t\t\t\t\t\t<div class=\"elementor-icon-wrapper\">\n\t\t\t<div class=\"elementor-icon\">\n\t\t\t<svg xmlns=\"http:\/\/www.w3.org\/2000\/svg\" xmlns:xlink=\"http:\/\/www.w3.org\/1999\/xlink\" id=\"Ebene_1\" x=\"0px\" y=\"0px\" viewbox=\"0 0 500 500\" style=\"enable-background:new 0 0 500 500;\" xml:space=\"preserve\"><g>\t<path d=\"M500,500H0V0h500V500z M8.58,491.42h482.84V8.58H8.58V491.42z\"><\/path><\/g><polygon points=\"235.88,209.11 259.49,209.11 313.67,383.27 183.46,383.27 \"><\/polygon><path d=\"M232.55,167.28c0-9.76,7.91-17.67,17.67-17.67c9.76,0,17.67,7.91,17.67,17.67c0,9.76-7.91,17.67-17.67,17.67 C240.46,184.95,232.55,177.04,232.55,167.28\"><\/path><path d=\"M107.53,316.08c-40.73-39.26-63.16-92.03-63.16-148.57c0-56.96,23.86-111.92,65.47-150.79l24.29,26 C99.7,74.88,79.95,120.37,79.95,167.51c0,46.8,18.56,90.47,52.27,122.97L107.53,316.08z M394.07,314.97l-24.89-25.43 c33.08-32.37,51.29-75.71,51.29-122.03c0-47.43-19.87-93.06-54.52-125.19l24.2-26.08c41.87,38.84,65.89,93.98,65.89,151.28 C456.04,223.48,434.04,275.84,394.07,314.97z M151.25,267.05c-26.64-26.57-41.32-61.92-41.32-99.54 c0-38.55,16.07-75.83,44.09-102.27l24.42,25.87c-21.24,20.04-32.93,47.18-32.93,76.4c0,28.1,10.96,54.51,30.86,74.35L151.25,267.05z  M348.19,265.9l-25.41-24.89c20.73-21.16,32.14-47.26,32.14-73.5c0-29.07-11.55-56.08-32.52-76.05l24.53-25.77 c28.09,26.75,43.56,62.91,43.56,101.81C390.49,203.11,375.47,238.06,348.19,265.9z M304.02,221.53l-25.14-25.16 c7.7-7.7,11.96-17.96,11.96-28.86c0-11.18-4.38-21.57-12.32-29.26l24.76-25.55c14.92,14.46,23.13,33.92,23.13,54.81 C326.4,187.92,318.45,207.1,304.02,221.53z M194.71,219.74c-13.34-14.22-20.68-32.77-20.68-52.23c0-20.26,7.8-39.96,21.38-54.06 l25.61,24.69c-7.15,7.42-11.42,18.39-11.42,29.37c0,10.39,3.92,20.29,11.06,27.9L194.71,219.74z\"><\/path><polygon points=\"191.73,400.43 191.73,469.58 206.93,469.58 206.93,439.74 234.93,439.74 234.93,469.58 250.12,469.58  250.12,400.43 234.93,400.43 234.93,426.96 206.93,426.96 206.93,400.43 \"><\/polygon><polygon points=\"263.49,400.43 263.49,469.58 278.7,469.58 278.7,441 307.65,441 307.65,429.19 278.7,429.19 278.7,413.21  312.1,413.21 312.1,400.43 \"><\/polygon><\/svg>\t\t\t<\/div>\n\t\t<\/div>\n\t\t\t\t\t\t<\/div>\n\t\t\t\t<\/div>\n\t\t\t\t<div class=\"elementor-element elementor-element-28b293c elementor-widget elementor-widget-heading\" data-id=\"28b293c\" data-element_type=\"widget\" data-e-type=\"widget\" data-widget_type=\"heading.default\">\n\t\t\t\t\t\t<div class=\"elementor-widget-container\">\n\t\t\t\t\t<h6 class=\"elementor-heading-title elementor-size-default\">Thermal denervation \/ stimulation <\/h6>\t\t\t\t<\/div>\n\t\t\t\t<\/div>\n\t\t\t\t<div class=\"elementor-element elementor-element-5308591 elementor-widget elementor-widget-heading\" data-id=\"5308591\" data-element_type=\"widget\" data-e-type=\"widget\" data-widget_type=\"heading.default\">\n\t\t\t\t\t\t<div class=\"elementor-widget-container\">\n\t\t\t\t\t<h1 class=\"elementor-heading-title elementor-size-default\">RF thermocouple electrodes<br>and connection cable<\/h1>\t\t\t\t<\/div>\n\t\t\t\t<\/div>\n\t\t\t\t<\/div>\n\t\t\t\t\t<\/div>\n\t\t\t\t<\/div>\n\t\t<div class=\"elementor-element elementor-element-5659f49 e-flex e-con-boxed e-con e-parent\" data-id=\"5659f49\" data-element_type=\"container\" data-e-type=\"container\" id=\"dental_about\" data-settings=\"{&quot;background_background&quot;:&quot;classic&quot;}\">\n\t\t\t\t\t<div class=\"e-con-inner\">\n\t\t\t\t<div class=\"elementor-element elementor-element-3963cfc elementor-widget elementor-widget-heading\" data-id=\"3963cfc\" data-element_type=\"widget\" data-e-type=\"widget\" data-widget_type=\"heading.default\">\n\t\t\t\t\t\t<div class=\"elementor-widget-container\">\n\t\t\t\t\t<h3 class=\"elementor-heading-title elementor-size-default\">RF electrodes, reusable or single-use, for denervation or stimulation of peripheral nerves in the context of pain therapy, for example in the spine<\/h3>\t\t\t\t<\/div>\n\t\t\t\t<\/div>\n\t\t<div class=\"elementor-element elementor-element-481f799 e-con-full e-flex e-con e-child\" data-id=\"481f799\" data-element_type=\"container\" data-e-type=\"container\">\n\t\t<div class=\"elementor-element elementor-element-aef4583 e-con-full e-flex e-con e-child\" data-id=\"aef4583\" data-element_type=\"container\" data-e-type=\"container\" data-settings=\"{&quot;background_background&quot;:&quot;classic&quot;}\">\n\t\t\t\t<div class=\"elementor-element elementor-element-a99f603 elementor-widget elementor-widget-image\" data-id=\"a99f603\" data-element_type=\"widget\" data-e-type=\"widget\" data-widget_type=\"image.default\">\n\t\t\t\t\t\t<div class=\"elementor-widget-container\">\n\t\t\t\t\t\t\t\t\t\t\t\t\t\t\t\t<a href=\"https:\/\/radimed.de\/wp-content\/uploads\/2023\/12\/Elektronadel.jpg\" data-elementor-open-lightbox=\"yes\" data-e-action-hash=\"#elementor-action%3Aaction%3Dlightbox%26settings%3DeyJpZCI6MTcxOSwidXJsIjoiaHR0cHM6XC9cL3JhZGltZWQuZGVcL3dwLWNvbnRlbnRcL3VwbG9hZHNcLzIwMjNcLzEyXC9FbGVrdHJvbmFkZWwuanBnIn0%3D\">\n\t\t\t\t\t\t\t<img fetchpriority=\"high\" decoding=\"async\" width=\"1920\" height=\"1281\" src=\"https:\/\/radimed.de\/wp-content\/uploads\/2023\/12\/Elektronadel.jpg\" class=\"attachment-full size-full wp-image-1719\" alt=\"\" srcset=\"https:\/\/radimed.de\/wp-content\/uploads\/2023\/12\/Elektronadel.jpg 1920w, https:\/\/radimed.de\/wp-content\/uploads\/2023\/12\/Elektronadel-300x200.jpg 300w, https:\/\/radimed.de\/wp-content\/uploads\/2023\/12\/Elektronadel-1024x683.jpg 1024w, https:\/\/radimed.de\/wp-content\/uploads\/2023\/12\/Elektronadel-768x512.jpg 768w, https:\/\/radimed.de\/wp-content\/uploads\/2023\/12\/Elektronadel-1536x1025.jpg 1536w\" sizes=\"(max-width: 1920px) 100vw, 1920px\" \/>\t\t\t\t\t\t\t\t<\/a>\n\t\t\t\t\t\t\t\t\t\t\t\t\t\t\t<\/div>\n\t\t\t\t<\/div>\n\t\t\t\t<\/div>\n\t\t<div class=\"elementor-element elementor-element-3cbd696 e-con-full e-flex e-con e-child\" data-id=\"3cbd696\" data-element_type=\"container\" data-e-type=\"container\">\n\t\t\t\t<div class=\"elementor-element elementor-element-df1a349 elementor-widget elementor-widget-text-editor\" data-id=\"df1a349\" data-element_type=\"widget\" data-e-type=\"widget\" data-widget_type=\"text-editor.default\">\n\t\t\t\t\t\t<div class=\"elementor-widget-container\">\n\t\t\t\t\t\t\t\t\t<p>The Radimed thermocouple electrodes are specially adapted for use in combination with Radimed thermolesion cannulas. The electrode tip records the temperature generated in the surrounding tissue and passes this on to the RF generator. The RF energy is only emitted until the preselected temperature is reached at the instrument tip.<\/p>\t\t\t\t\t\t\t\t<\/div>\n\t\t\t\t<\/div>\n\t\t\t\t<\/div>\n\t\t\t\t<\/div>\n\t\t\t\t\t<\/div>\n\t\t\t\t<\/div>\n\t\t<div class=\"elementor-element elementor-element-d77f748 e-flex e-con-boxed e-con e-parent\" data-id=\"d77f748\" data-element_type=\"container\" data-e-type=\"container\">\n\t\t\t\t\t<div class=\"e-con-inner\">\n\t\t<div class=\"elementor-element elementor-element-607eeb4 e-con-full e-flex e-con e-child\" data-id=\"607eeb4\" data-element_type=\"container\" data-e-type=\"container\" data-settings=\"{&quot;background_background&quot;:&quot;gradient&quot;}\">\n\t\t\t\t<div class=\"elementor-element elementor-element-93467e7 elementor-widget elementor-widget-heading\" data-id=\"93467e7\" data-element_type=\"widget\" data-e-type=\"widget\" data-widget_type=\"heading.default\">\n\t\t\t\t\t\t<div class=\"elementor-widget-container\">\n\t\t\t\t\t<h3 class=\"elementor-heading-title elementor-size-default\">Compatible<\/h3>\t\t\t\t<\/div>\n\t\t\t\t<\/div>\n\t\t\t\t<div class=\"elementor-element elementor-element-a9dce1d elementor-widget elementor-widget-text-editor\" data-id=\"a9dce1d\" data-element_type=\"widget\" data-e-type=\"widget\" data-widget_type=\"text-editor.default\">\n\t\t\t\t\t\t<div class=\"elementor-widget-container\">\n\t\t\t\t\t\t\t\t\t<p>Electrodes and connecting cables are compatible with a wide range of generators. Ask for the right model.<\/p>\t\t\t\t\t\t\t\t<\/div>\n\t\t\t\t<\/div>\n\t\t\t\t<\/div>\n\t\t<div class=\"elementor-element elementor-element-7b65cbc e-con-full e-flex e-con e-child\" data-id=\"7b65cbc\" data-element_type=\"container\" data-e-type=\"container\" data-settings=\"{&quot;background_background&quot;:&quot;gradient&quot;}\">\n\t\t\t\t<div class=\"elementor-element elementor-element-8958fc5 elementor-widget elementor-widget-heading\" data-id=\"8958fc5\" data-element_type=\"widget\" data-e-type=\"widget\" data-widget_type=\"heading.default\">\n\t\t\t\t\t\t<div class=\"elementor-widget-container\">\n\t\t\t\t\t<h3 class=\"elementor-heading-title elementor-size-default\">Flexible<\/h3>\t\t\t\t<\/div>\n\t\t\t\t<\/div>\n\t\t\t\t<div class=\"elementor-element elementor-element-b97bdcb elementor-widget elementor-widget-text-editor\" data-id=\"b97bdcb\" data-element_type=\"widget\" data-e-type=\"widget\" data-widget_type=\"text-editor.default\">\n\t\t\t\t\t\t<div class=\"elementor-widget-container\">\n\t\t\t\t\t\t\t\t\t<p>The NiTiNol material of the reusable electrodes offers high flexibility and kink resistance.<\/p>\t\t\t\t\t\t\t\t<\/div>\n\t\t\t\t<\/div>\n\t\t\t\t<\/div>\n\t\t<div class=\"elementor-element elementor-element-16bda6f e-con-full e-flex e-con e-child\" data-id=\"16bda6f\" data-element_type=\"container\" data-e-type=\"container\" data-settings=\"{&quot;background_background&quot;:&quot;gradient&quot;}\">\n\t\t\t\t<div class=\"elementor-element elementor-element-fa52fb3 elementor-widget elementor-widget-heading\" data-id=\"fa52fb3\" data-element_type=\"widget\" data-e-type=\"widget\" data-widget_type=\"heading.default\">\n\t\t\t\t\t\t<div class=\"elementor-widget-container\">\n\t\t\t\t\t<h3 class=\"elementor-heading-title elementor-size-default\">Interdisciplinary<\/h3>\t\t\t\t<\/div>\n\t\t\t\t<\/div>\n\t\t\t\t<div class=\"elementor-element elementor-element-29ce3dd elementor-widget elementor-widget-text-editor\" data-id=\"29ce3dd\" data-element_type=\"widget\" data-e-type=\"widget\" data-widget_type=\"text-editor.default\">\n\t\t\t\t\t\t<div class=\"elementor-widget-container\">\n\t\t\t\t\t\t\t\t\t<p>In addition to being used in spinal pain therapy, the electrodes can also be used in other<br \/>areas such as shoulder, hip or knee.<\/p>\t\t\t\t\t\t\t\t<\/div>\n\t\t\t\t<\/div>\n\t\t\t\t<\/div>\n\t\t<div class=\"elementor-element elementor-element-09f5116 e-con-full e-flex e-con e-child\" data-id=\"09f5116\" data-element_type=\"container\" data-e-type=\"container\" data-settings=\"{&quot;background_background&quot;:&quot;gradient&quot;}\">\n\t\t\t\t<div class=\"elementor-element elementor-element-13cbce1 elementor-widget elementor-widget-heading\" data-id=\"13cbce1\" data-element_type=\"widget\" data-e-type=\"widget\" data-widget_type=\"heading.default\">\n\t\t\t\t\t\t<div class=\"elementor-widget-container\">\n\t\t\t\t\t<h3 class=\"elementor-heading-title elementor-size-default\">Available<\/h3>\t\t\t\t<\/div>\n\t\t\t\t<\/div>\n\t\t\t\t<div class=\"elementor-element elementor-element-cb9a4fc elementor-widget elementor-widget-text-editor\" data-id=\"cb9a4fc\" data-element_type=\"widget\" data-e-type=\"widget\" data-widget_type=\"text-editor.default\">\n\t\t\t\t\t\t<div class=\"elementor-widget-container\">\n\t\t\t\t\t\t\t\t\t<p>The sterile thermocouple electrodes for single use on a patient make it possible to have a ready-to-use product for intervention at any time, regardless of reprocessing.<span class=\"Apple-converted-space\">\u00a0<\/span><\/p>\t\t\t\t\t\t\t\t<\/div>\n\t\t\t\t<\/div>\n\t\t\t\t<\/div>\n\t\t<div class=\"elementor-element elementor-element-3864887 e-con-full e-flex e-con e-child\" data-id=\"3864887\" data-element_type=\"container\" data-e-type=\"container\" data-settings=\"{&quot;background_background&quot;:&quot;gradient&quot;}\">\n\t\t\t\t<div class=\"elementor-element elementor-element-4abcf33 elementor-widget elementor-widget-heading\" data-id=\"4abcf33\" data-element_type=\"widget\" data-e-type=\"widget\" data-widget_type=\"heading.default\">\n\t\t\t\t\t\t<div class=\"elementor-widget-container\">\n\t\t\t\t\t<h3 class=\"elementor-heading-title elementor-size-default\">Tied together<\/h3>\t\t\t\t<\/div>\n\t\t\t\t<\/div>\n\t\t\t\t<div class=\"elementor-element elementor-element-d8242a2 elementor-widget elementor-widget-text-editor\" data-id=\"d8242a2\" data-element_type=\"widget\" data-e-type=\"widget\" data-widget_type=\"text-editor.default\">\n\t\t\t\t\t\t<div class=\"elementor-widget-container\">\n\t\t\t\t\t\t\t\t\t<p>Radimed offers connection cables for different RF generators to match the electrodes and generators.<\/p>\t\t\t\t\t\t\t\t<\/div>\n\t\t\t\t<\/div>\n\t\t\t\t<\/div>\n\t\t\t\t\t<\/div>\n\t\t\t\t<\/div>\n\t\t<div class=\"elementor-element elementor-element-1ef2de2 e-flex e-con-boxed e-con e-parent\" data-id=\"1ef2de2\" data-element_type=\"container\" data-e-type=\"container\">\n\t\t\t\t\t<div class=\"e-con-inner\">\n\t\t<div class=\"elementor-element elementor-element-a7421d9 e-con-full e-flex e-con e-child\" data-id=\"a7421d9\" data-element_type=\"container\" data-e-type=\"container\">\n\t\t\t\t<div class=\"elementor-element elementor-element-aacef65 elementor-widget-tablet__width-inherit elementor-widget elementor-widget-image\" data-id=\"aacef65\" data-element_type=\"widget\" data-e-type=\"widget\" data-widget_type=\"image.default\">\n\t\t\t\t\t\t<div class=\"elementor-widget-container\">\n\t\t\t\t\t\t\t\t\t\t\t\t\t\t\t<img decoding=\"async\" width=\"1024\" height=\"576\" src=\"https:\/\/radimed.de\/wp-content\/uploads\/2023\/09\/Img0544-1024x576.jpg\" class=\"attachment-large size-large wp-image-1581\" alt=\"\" srcset=\"https:\/\/radimed.de\/wp-content\/uploads\/2023\/09\/Img0544-1024x576.jpg 1024w, https:\/\/radimed.de\/wp-content\/uploads\/2023\/09\/Img0544-300x169.jpg 300w, https:\/\/radimed.de\/wp-content\/uploads\/2023\/09\/Img0544-768x432.jpg 768w, https:\/\/radimed.de\/wp-content\/uploads\/2023\/09\/Img0544-1536x864.jpg 1536w, https:\/\/radimed.de\/wp-content\/uploads\/2023\/09\/Img0544.jpg 1920w\" sizes=\"(max-width: 1024px) 100vw, 1024px\" \/>\t\t\t\t\t\t\t\t\t\t\t\t\t\t\t<\/div>\n\t\t\t\t<\/div>\n\t\t\t\t<\/div>\n\t\t<div class=\"elementor-element elementor-element-74c5ddf e-con-full e-flex e-con e-child\" data-id=\"74c5ddf\" data-element_type=\"container\" data-e-type=\"container\" data-settings=\"{&quot;background_background&quot;:&quot;classic&quot;}\">\n\t\t\t\t<div class=\"elementor-element elementor-element-951c06e elementor-widget elementor-widget-heading\" data-id=\"951c06e\" data-element_type=\"widget\" data-e-type=\"widget\" data-widget_type=\"heading.default\">\n\t\t\t\t\t\t<div class=\"elementor-widget-container\">\n\t\t\t\t\t<h2 class=\"elementor-heading-title elementor-size-default\">Autoclavable<\/h2>\t\t\t\t<\/div>\n\t\t\t\t<\/div>\n\t\t\t\t<div class=\"elementor-element elementor-element-d4cc6db elementor-widget elementor-widget-text-editor\" data-id=\"d4cc6db\" data-element_type=\"widget\" data-e-type=\"widget\" data-widget_type=\"text-editor.default\">\n\t\t\t\t\t\t<div class=\"elementor-widget-container\">\n\t\t\t\t\t\t\t\t\t<p>The NiTiNol electrodes are available as a reusable, autoclavable version. We also offer a suitable sterilization box with a silicone mat for safe storage during and after reprocessing.<\/p>\t\t\t\t\t\t\t\t<\/div>\n\t\t\t\t<\/div>\n\t\t\t\t<\/div>\n\t\t\t\t\t<\/div>\n\t\t\t\t<\/div>\n\t\t<div class=\"elementor-element elementor-element-d978468 e-flex e-con-boxed e-con e-parent\" data-id=\"d978468\" data-element_type=\"container\" data-e-type=\"container\">\n\t\t\t\t\t<div class=\"e-con-inner\">\n\t\t<div class=\"elementor-element elementor-element-3f90b8f e-con-full e-flex e-con e-child\" data-id=\"3f90b8f\" data-element_type=\"container\" data-e-type=\"container\" data-settings=\"{&quot;background_background&quot;:&quot;classic&quot;}\">\n\t\t\t\t<div class=\"elementor-element elementor-element-19383b6 elementor-widget elementor-widget-heading\" data-id=\"19383b6\" data-element_type=\"widget\" data-e-type=\"widget\" data-widget_type=\"heading.default\">\n\t\t\t\t\t\t<div class=\"elementor-widget-container\">\n\t\t\t\t\t<h2 class=\"elementor-heading-title elementor-size-default\">Single use<\/h2>\t\t\t\t<\/div>\n\t\t\t\t<\/div>\n\t\t\t\t<div class=\"elementor-element elementor-element-959c79d elementor-widget elementor-widget-text-editor\" data-id=\"959c79d\" data-element_type=\"widget\" data-e-type=\"widget\" data-widget_type=\"text-editor.default\">\n\t\t\t\t\t\t<div class=\"elementor-widget-container\">\n\t\t\t\t\t\t\t\t\t<p>The single-use electrodes are intended for single use on one patient.<\/p>\t\t\t\t\t\t\t\t<\/div>\n\t\t\t\t<\/div>\n\t\t\t\t<\/div>\n\t\t<div class=\"elementor-element elementor-element-00eaa5e e-con-full e-flex e-con e-child\" data-id=\"00eaa5e\" data-element_type=\"container\" data-e-type=\"container\">\n\t\t\t\t<div class=\"elementor-element elementor-element-ec34888 elementor-widget elementor-widget-image\" data-id=\"ec34888\" data-element_type=\"widget\" data-e-type=\"widget\" data-widget_type=\"image.default\">\n\t\t\t\t\t\t<div class=\"elementor-widget-container\">\n\t\t\t\t\t\t\t\t\t\t\t\t\t\t\t<img decoding=\"async\" width=\"1024\" height=\"576\" src=\"https:\/\/radimed.de\/wp-content\/uploads\/2023\/12\/DSC_0653-1_Katalog-1024x576.jpg\" class=\"attachment-large size-large wp-image-1731\" alt=\"\" srcset=\"https:\/\/radimed.de\/wp-content\/uploads\/2023\/12\/DSC_0653-1_Katalog-1024x576.jpg 1024w, https:\/\/radimed.de\/wp-content\/uploads\/2023\/12\/DSC_0653-1_Katalog-300x169.jpg 300w, https:\/\/radimed.de\/wp-content\/uploads\/2023\/12\/DSC_0653-1_Katalog-768x432.jpg 768w, https:\/\/radimed.de\/wp-content\/uploads\/2023\/12\/DSC_0653-1_Katalog-1536x864.jpg 1536w, https:\/\/radimed.de\/wp-content\/uploads\/2023\/12\/DSC_0653-1_Katalog.jpg 1920w\" sizes=\"(max-width: 1024px) 100vw, 1024px\" \/>\t\t\t\t\t\t\t\t\t\t\t\t\t\t\t<\/div>\n\t\t\t\t<\/div>\n\t\t\t\t<\/div>\n\t\t\t\t\t<\/div>\n\t\t\t\t<\/div>\n\t\t<div class=\"elementor-element elementor-element-5275e9f e-flex e-con-boxed e-con e-parent\" data-id=\"5275e9f\" data-element_type=\"container\" data-e-type=\"container\">\n\t\t\t\t\t<div class=\"e-con-inner\">\n\t\t<div class=\"elementor-element elementor-element-0c1e68a e-con-full e-flex e-con e-child\" data-id=\"0c1e68a\" data-element_type=\"container\" data-e-type=\"container\">\n\t\t\t\t<\/div>\n\t\t<div class=\"elementor-element elementor-element-c4d9245 e-flex e-con-boxed e-con e-child\" data-id=\"c4d9245\" data-element_type=\"container\" data-e-type=\"container\">\n\t\t\t\t\t<div class=\"e-con-inner\">\n\t\t\t\t<div class=\"elementor-element elementor-element-fbc848f elementor-widget elementor-widget-image\" data-id=\"fbc848f\" data-element_type=\"widget\" data-e-type=\"widget\" data-widget_type=\"image.default\">\n\t\t\t\t\t\t<div class=\"elementor-widget-container\">\n\t\t\t\t\t\t\t\t\t\t\t\t\t\t\t\t<a href=\"https:\/\/radimed.de\/wp-content\/uploads\/2024\/09\/Elektroden_eng.jpg\" data-elementor-open-lightbox=\"yes\" data-e-action-hash=\"#elementor-action%3Aaction%3Dlightbox%26settings%3DeyJpZCI6MTczOCwidXJsIjoiaHR0cHM6XC9cL3JhZGltZWQuZGVcL3dwLWNvbnRlbnRcL3VwbG9hZHNcLzIwMjNcLzEyXC9yZl90aGVybW9lbGVtZW50X3RhYmVsbGUuanBnIn0%3D\">\n\t\t\t\t\t\t\t<img loading=\"lazy\" decoding=\"async\" width=\"1024\" height=\"440\" src=\"https:\/\/radimed.de\/wp-content\/uploads\/2024\/09\/Elektroden_eng.jpg\" class=\"attachment-large size-large wp-image-1738\" alt=\"\" srcset=\"https:\/\/radimed.de\/wp-content\/uploads\/2024\/09\/Elektroden_eng.jpg 1517w, https:\/\/radimed.de\/wp-content\/uploads\/2024\/09\/Elektroden_eng-300x128.jpg 300w, https:\/\/radimed.de\/wp-content\/uploads\/2024\/09\/Elektroden_eng-1024x438.jpg 1024w, https:\/\/radimed.de\/wp-content\/uploads\/2024\/09\/Elektroden_eng-768x329.jpg 768w, https:\/\/radimed.de\/wp-content\/uploads\/2024\/09\/Elektroden_eng-18x8.jpg 18w\" sizes=\"(max-width: 1024px) 100vw, 1024px\" \/>\t\t\t\t\t\t\t\t<\/a>\n\t\t\t\t\t\t\t\t\t\t\t\t\t\t\t<\/div>\n\t\t\t\t<\/div>\n\t\t\t\t<div class=\"elementor-element elementor-element-516ff9f elementor-widget elementor-widget-text-editor\" data-id=\"516ff9f\" data-element_type=\"widget\" data-e-type=\"widget\" data-widget_type=\"text-editor.default\">\n\t\t\t\t\t\t<div class=\"elementor-widget-container\">\n\t\t\t\t\t\t\t\t\t<p><i><sup>1<\/sup> Please inquire about compatibility with your generator.<\/i><\/p>\t\t\t\t\t\t\t\t<\/div>\n\t\t\t\t<\/div>\n\t\t\t\t\t<\/div>\n\t\t\t\t<\/div>\n\t\t\t\t\t<\/div>\n\t\t\t\t<\/div>\n\t\t\t\t<\/div>","protected":false},"excerpt":{"rendered":"<p>Thermische Denervierung \/ Stimulation RF-Thermoelement Elektrodenund Anschlusskabel RF-Elektroden, wiederverwendbar oder zum Einmalgebrauch, zur Denervierung oder Stimulation peripherer Nerven im Rahmen der Schmerztherapie, beispielsweise an der Wirbels\u00e4ule Die Radimed Thermoelement Elektroden sind speziell an die Anwendung in Kombination mit Radimed Thermol\u00e4sionskan\u00fclen angepasst. Die Elektrodenspitze erfasst die im umgebenden Gewebe entstehende Temperatur und gibt diese an den [&hellip;]<\/p>\n","protected":false},"author":1,"featured_media":0,"parent":1342,"menu_order":1,"comment_status":"closed","ping_status":"closed","template":"","meta":{"site-sidebar-layout":"no-sidebar","site-content-layout":"page-builder","ast-site-content-layout":"full-width-container","site-content-style":"unboxed","site-sidebar-style":"unboxed","ast-global-header-display":"","ast-banner-title-visibility":"","ast-main-header-display":"","ast-hfb-above-header-display":"","ast-hfb-below-header-display":"","ast-hfb-mobile-header-display":"","site-post-title":"disabled","ast-breadcrumbs-content":"","ast-featured-img":"disabled","footer-sml-layout":"","ast-disable-related-posts":"","theme-transparent-header-meta":"enabled","adv-header-id-meta":"","stick-header-meta":"","header-above-stick-meta":"","header-main-stick-meta":"","header-below-stick-meta":"","astra-migrate-meta-layouts":"set","ast-page-background-enabled":"default","ast-page-background-meta":{"desktop":{"background-color":"","background-image":"","background-repeat":"repeat","background-position":"center center","background-size":"auto","background-attachment":"scroll","background-type":"","background-media":"","overlay-type":"","overlay-color":"","overlay-opacity":"","overlay-gradient":""},"tablet":{"background-color":"","background-image":"","background-repeat":"repeat","background-position":"center center","background-size":"auto","background-attachment":"scroll","background-type":"","background-media":"","overlay-type":"","overlay-color":"","overlay-opacity":"","overlay-gradient":""},"mobile":{"background-color":"","background-image":"","background-repeat":"repeat","background-position":"center center","background-size":"auto","background-attachment":"scroll","background-type":"","background-media":"","overlay-type":"","overlay-color":"","overlay-opacity":"","overlay-gradient":""}},"ast-content-background-meta":{"desktop":{"background-color":"var(--ast-global-color-5)","background-image":"","background-repeat":"repeat","background-position":"center center","background-size":"auto","background-attachment":"scroll","background-type":"","background-media":"","overlay-type":"","overlay-color":"","overlay-opacity":"","overlay-gradient":""},"tablet":{"background-color":"var(--ast-global-color-5)","background-image":"","background-repeat":"repeat","background-position":"center center","background-size":"auto","background-attachment":"scroll","background-type":"","background-media":"","overlay-type":"","overlay-color":"","overlay-opacity":"","overlay-gradient":""},"mobile":{"background-color":"var(--ast-global-color-5)","background-image":"","background-repeat":"repeat","background-position":"center center","background-size":"auto","background-attachment":"scroll","background-type":"","background-media":"","overlay-type":"","overlay-color":"","overlay-opacity":"","overlay-gradient":""}},"footnotes":""},"class_list":["post-1699","page","type-page","status-publish","hentry"],"_links":{"self":[{"href":"https:\/\/radimed.de\/en\/wp-json\/wp\/v2\/pages\/1699","targetHints":{"allow":["GET"]}}],"collection":[{"href":"https:\/\/radimed.de\/en\/wp-json\/wp\/v2\/pages"}],"about":[{"href":"https:\/\/radimed.de\/en\/wp-json\/wp\/v2\/types\/page"}],"author":[{"embeddable":true,"href":"https:\/\/radimed.de\/en\/wp-json\/wp\/v2\/users\/1"}],"replies":[{"embeddable":true,"href":"https:\/\/radimed.de\/en\/wp-json\/wp\/v2\/comments?post=1699"}],"version-history":[{"count":27,"href":"https:\/\/radimed.de\/en\/wp-json\/wp\/v2\/pages\/1699\/revisions"}],"predecessor-version":[{"id":3384,"href":"https:\/\/radimed.de\/en\/wp-json\/wp\/v2\/pages\/1699\/revisions\/3384"}],"up":[{"embeddable":true,"href":"https:\/\/radimed.de\/en\/wp-json\/wp\/v2\/pages\/1342"}],"wp:attachment":[{"href":"https:\/\/radimed.de\/en\/wp-json\/wp\/v2\/media?parent=1699"}],"curies":[{"name":"wp","href":"https:\/\/api.w.org\/{rel}","templated":true}]}}