{"id":1619,"date":"2023-09-29T06:56:44","date_gmt":"2023-09-29T06:56:44","guid":{"rendered":"https:\/\/quizzical-hoover.92-205-185-44.plesk.page\/?page_id=1619"},"modified":"2024-07-03T07:49:43","modified_gmt":"2024-07-03T07:49:43","slug":"thermolasionskanulen-zur-schmerztherapie","status":"publish","type":"page","link":"https:\/\/radimed.de\/en\/produkte\/thermolasionskanulen-zur-schmerztherapie\/","title":{"rendered":"Thermolesion cannulas for pain therapy"},"content":{"rendered":"\t\t<div data-elementor-type=\"wp-post\" data-elementor-id=\"1619\" class=\"elementor elementor-1619\" data-elementor-post-type=\"page\">\n\t\t\t\t<div class=\"elementor-element elementor-element-1dd505a e-flex e-con-boxed e-con e-parent\" data-id=\"1dd505a\" data-element_type=\"container\" data-e-type=\"container\" data-settings=\"{&quot;background_background&quot;:&quot;classic&quot;,&quot;shape_divider_bottom&quot;:&quot;waves&quot;,&quot;shape_divider_bottom_negative&quot;:&quot;yes&quot;}\">\n\t\t\t\t\t<div class=\"e-con-inner\">\n\t\t\t\t<div class=\"elementor-shape elementor-shape-bottom\" aria-hidden=\"true\" data-negative=\"true\">\n\t\t\t<svg xmlns=\"http:\/\/www.w3.org\/2000\/svg\" viewBox=\"0 0 1000 100\" preserveAspectRatio=\"none\">\n\t<path class=\"elementor-shape-fill\" d=\"M790.5,93.1c-59.3-5.3-116.8-18-192.6-50c-29.6-12.7-76.9-31-100.5-35.9c-23.6-4.9-52.6-7.8-75.5-5.3\n\tc-10.2,1.1-22.6,1.4-50.1,7.4c-27.2,6.3-58.2,16.6-79.4,24.7c-41.3,15.9-94.9,21.9-134,22.6C72,58.2,0,25.8,0,25.8V100h1000V65.3\n\tc0,0-51.5,19.4-106.2,25.7C839.5,97,814.1,95.2,790.5,93.1z\"\/>\n<\/svg>\t\t<\/div>\n\t\t<div class=\"elementor-element elementor-element-0de6bc2 e-con-full e-flex e-con e-child\" data-id=\"0de6bc2\" data-element_type=\"container\" data-e-type=\"container\">\n\t\t\t\t<div class=\"elementor-element elementor-element-28b293c elementor-widget elementor-widget-heading\" data-id=\"28b293c\" data-element_type=\"widget\" data-e-type=\"widget\" data-widget_type=\"heading.default\">\n\t\t\t\t\t\t<div class=\"elementor-widget-container\">\n\t\t\t\t\t<h6 class=\"elementor-heading-title elementor-size-default\">Thermische Denervierung \/ Stimulation <\/h6>\t\t\t\t<\/div>\n\t\t\t\t<\/div>\n\t\t\t\t<div class=\"elementor-element elementor-element-5308591 elementor-widget elementor-widget-heading\" data-id=\"5308591\" data-element_type=\"widget\" data-e-type=\"widget\" data-widget_type=\"heading.default\">\n\t\t\t\t\t\t<div class=\"elementor-widget-container\">\n\t\t\t\t\t<h1 class=\"elementor-heading-title elementor-size-default\">Thermol\u00e4sionskan\u00fclen<br>zur Schmerztherapie<\/h1>\t\t\t\t<\/div>\n\t\t\t\t<\/div>\n\t\t\t\t<\/div>\n\t\t\t\t\t<\/div>\n\t\t\t\t<\/div>\n\t\t<div class=\"elementor-element elementor-element-5659f49 e-flex e-con-boxed e-con e-parent\" data-id=\"5659f49\" data-element_type=\"container\" data-e-type=\"container\" id=\"dental_about\" data-settings=\"{&quot;background_background&quot;:&quot;classic&quot;}\">\n\t\t\t\t\t<div class=\"e-con-inner\">\n\t\t\t\t<div class=\"elementor-element elementor-element-3963cfc elementor-widget elementor-widget-heading\" data-id=\"3963cfc\" data-element_type=\"widget\" data-e-type=\"widget\" data-widget_type=\"heading.default\">\n\t\t\t\t\t\t<div class=\"elementor-widget-container\">\n\t\t\t\t\t<h3 class=\"elementor-heading-title elementor-size-default\">Spezielle, isolierte Kan\u00fclen zur thermischen\nDenervierung an der Wirbels\u00e4ule und an\nweiteren ausgew\u00e4hlten Gelenken<\/h3>\t\t\t\t<\/div>\n\t\t\t\t<\/div>\n\t\t<div class=\"elementor-element elementor-element-481f799 e-con-full e-flex e-con e-child\" data-id=\"481f799\" data-element_type=\"container\" data-e-type=\"container\">\n\t\t<div class=\"elementor-element elementor-element-3cbd696 e-con-full e-flex e-con e-child\" data-id=\"3cbd696\" data-element_type=\"container\" data-e-type=\"container\">\n\t\t\t\t<div class=\"elementor-element elementor-element-df1a349 elementor-widget elementor-widget-text-editor\" data-id=\"df1a349\" data-element_type=\"widget\" data-e-type=\"widget\" data-widget_type=\"text-editor.default\">\n\t\t\t\t\t\t<div class=\"elementor-widget-container\">\n\t\t\t\t\t\t\t\t\t<p>Die Radimed Thermol\u00e4sionskan\u00fclen bieten dem Anwender unterschiedliche L\u00e4ngen, Durchmesser, Geometrien und freie Tipspitzen (gerade und distal gebogen).<span class=\"Apple-converted-space\">\u00a0<\/span><\/p>\n<p>Diese sind individuell passend f\u00fcr die geplante Therapie an der ausgew\u00e4hlten Zielregion.<span class=\"Apple-converted-space\">\u00a0<\/span><\/p>\t\t\t\t\t\t\t\t<\/div>\n\t\t\t\t<\/div>\n\t\t\t\t<\/div>\n\t\t<div class=\"elementor-element elementor-element-aef4583 e-flex e-con-boxed e-con e-child\" data-id=\"aef4583\" data-element_type=\"container\" data-e-type=\"container\" data-settings=\"{&quot;background_background&quot;:&quot;classic&quot;}\">\n\t\t\t\t\t<div class=\"e-con-inner\">\n\t\t\t\t\t<\/div>\n\t\t\t\t<\/div>\n\t\t\t\t<\/div>\n\t\t\t\t\t<\/div>\n\t\t\t\t<\/div>\n\t\t<div class=\"elementor-element elementor-element-d77f748 e-flex e-con-boxed e-con e-parent\" data-id=\"d77f748\" data-element_type=\"container\" data-e-type=\"container\">\n\t\t\t\t\t<div class=\"e-con-inner\">\n\t\t<div class=\"elementor-element elementor-element-607eeb4 e-con-full e-flex e-con e-child\" data-id=\"607eeb4\" data-element_type=\"container\" data-e-type=\"container\" data-settings=\"{&quot;background_background&quot;:&quot;gradient&quot;}\">\n\t\t\t\t<div class=\"elementor-element elementor-element-93467e7 elementor-widget elementor-widget-heading\" data-id=\"93467e7\" data-element_type=\"widget\" data-e-type=\"widget\" data-widget_type=\"heading.default\">\n\t\t\t\t\t\t<div class=\"elementor-widget-container\">\n\t\t\t\t\t<h3 class=\"elementor-heading-title elementor-size-default\">Sicher kombiniert<\/h3>\t\t\t\t<\/div>\n\t\t\t\t<\/div>\n\t\t\t\t<div class=\"elementor-element elementor-element-a9dce1d elementor-widget elementor-widget-text-editor\" data-id=\"a9dce1d\" data-element_type=\"widget\" data-e-type=\"widget\" data-widget_type=\"text-editor.default\">\n\t\t\t\t\t\t<div class=\"elementor-widget-container\">\n\t\t\t\t\t\t\t\t\t<p>Die farbliche \u00dcbereinstimmung von Kan\u00fclenansatz und passender Thermoelektrode hilft bei der sicheren Bereitstellung von miteinander kompatiblem Material.<span class=\"Apple-converted-space\">\u00a0<\/span><\/p><p>Erg\u00e4nzend beschreibt die Farbcodierung der Mandrinkappe den Durchmesser der Kan\u00fcle.<\/p>\t\t\t\t\t\t\t\t<\/div>\n\t\t\t\t<\/div>\n\t\t\t\t<\/div>\n\t\t<div class=\"elementor-element elementor-element-7b65cbc e-con-full e-flex e-con e-child\" data-id=\"7b65cbc\" data-element_type=\"container\" data-e-type=\"container\" data-settings=\"{&quot;background_background&quot;:&quot;gradient&quot;}\">\n\t\t\t\t<div class=\"elementor-element elementor-element-8958fc5 elementor-widget elementor-widget-heading\" data-id=\"8958fc5\" data-element_type=\"widget\" data-e-type=\"widget\" data-widget_type=\"heading.default\">\n\t\t\t\t\t\t<div class=\"elementor-widget-container\">\n\t\t\t\t\t<h3 class=\"elementor-heading-title elementor-size-default\">Variabel<\/h3>\t\t\t\t<\/div>\n\t\t\t\t<\/div>\n\t\t\t\t<div class=\"elementor-element elementor-element-b97bdcb elementor-widget elementor-widget-text-editor\" data-id=\"b97bdcb\" data-element_type=\"widget\" data-e-type=\"widget\" data-widget_type=\"text-editor.default\">\n\t\t\t\t\t\t<div class=\"elementor-widget-container\">\n\t\t\t\t\t\t\t\t\t<p>Die Radimed Thermol\u00e4sionskan\u00fclen sind neben den geraden Varianten auch als spezielle Konfiguration mit abgewinkelter Spitze erh\u00e4ltlich.<\/p>\t\t\t\t\t\t\t\t<\/div>\n\t\t\t\t<\/div>\n\t\t\t\t<\/div>\n\t\t<div class=\"elementor-element elementor-element-16bda6f e-con-full e-flex e-con e-child\" data-id=\"16bda6f\" data-element_type=\"container\" data-e-type=\"container\" data-settings=\"{&quot;background_background&quot;:&quot;gradient&quot;}\">\n\t\t\t\t<div class=\"elementor-element elementor-element-fa52fb3 elementor-widget elementor-widget-heading\" data-id=\"fa52fb3\" data-element_type=\"widget\" data-e-type=\"widget\" data-widget_type=\"heading.default\">\n\t\t\t\t\t\t<div class=\"elementor-widget-container\">\n\t\t\t\t\t<h3 class=\"elementor-heading-title elementor-size-default\">Kompatibel<\/h3>\t\t\t\t<\/div>\n\t\t\t\t<\/div>\n\t\t\t\t<div class=\"elementor-element elementor-element-29ce3dd elementor-widget elementor-widget-text-editor\" data-id=\"29ce3dd\" data-element_type=\"widget\" data-e-type=\"widget\" data-widget_type=\"text-editor.default\">\n\t\t\t\t\t\t<div class=\"elementor-widget-container\">\n\t\t\t\t\t\t\t\t\t<p>Die Radimed Thermol\u00e4sionskan\u00fclen sind kompatibel zu einer Vielzahl von Elektroden und Ger\u00e4ten f\u00fcr die Radiofrequenztherapie.<\/p>\t\t\t\t\t\t\t\t<\/div>\n\t\t\t\t<\/div>\n\t\t\t\t<\/div>\n\t\t<div class=\"elementor-element elementor-element-09f5116 e-con-full e-flex e-con e-child\" data-id=\"09f5116\" data-element_type=\"container\" data-e-type=\"container\" data-settings=\"{&quot;background_background&quot;:&quot;gradient&quot;}\">\n\t\t\t\t<div class=\"elementor-element elementor-element-13cbce1 elementor-widget elementor-widget-heading\" data-id=\"13cbce1\" data-element_type=\"widget\" data-e-type=\"widget\" data-widget_type=\"heading.default\">\n\t\t\t\t\t\t<div class=\"elementor-widget-container\">\n\t\t\t\t\t<h3 class=\"elementor-heading-title elementor-size-default\">Glatt<\/h3>\t\t\t\t<\/div>\n\t\t\t\t<\/div>\n\t\t\t\t<div class=\"elementor-element elementor-element-cb9a4fc elementor-widget elementor-widget-text-editor\" data-id=\"cb9a4fc\" data-element_type=\"widget\" data-e-type=\"widget\" data-widget_type=\"text-editor.default\">\n\t\t\t\t\t\t<div class=\"elementor-widget-container\">\n\t\t\t\t\t\t\t\t\t<p>Eine spezielle Oberfl\u00e4chenlackierung sorgt f\u00fcr einen st\u00f6rungsfreien \u00dcbergang der freien Tipspitze zur Isolationsschicht.<\/p>\t\t\t\t\t\t\t\t<\/div>\n\t\t\t\t<\/div>\n\t\t\t\t<\/div>\n\t\t<div class=\"elementor-element elementor-element-3864887 e-con-full e-flex e-con e-child\" data-id=\"3864887\" data-element_type=\"container\" data-e-type=\"container\" data-settings=\"{&quot;background_background&quot;:&quot;gradient&quot;}\">\n\t\t\t\t<div class=\"elementor-element elementor-element-4abcf33 elementor-widget elementor-widget-heading\" data-id=\"4abcf33\" data-element_type=\"widget\" data-e-type=\"widget\" data-widget_type=\"heading.default\">\n\t\t\t\t\t\t<div class=\"elementor-widget-container\">\n\t\t\t\t\t<h3 class=\"elementor-heading-title elementor-size-default\">Minimalinvasiv<\/h3>\t\t\t\t<\/div>\n\t\t\t\t<\/div>\n\t\t\t\t<div class=\"elementor-element elementor-element-d8242a2 elementor-widget elementor-widget-text-editor\" data-id=\"d8242a2\" data-element_type=\"widget\" data-e-type=\"widget\" data-widget_type=\"text-editor.default\">\n\t\t\t\t\t\t<div class=\"elementor-widget-container\">\n\t\t\t\t\t\t\t\t\t<p>Ausgew\u00e4hlte Schliffgeometrien unterst\u00fctzen eine einfache Hautpenetration.<\/p><p>Ungewollte Stanzinfektionen werden durch einen angepassten Mandrin minimiert.<span class=\"Apple-converted-space\">\u00a0<\/span><\/p>\t\t\t\t\t\t\t\t<\/div>\n\t\t\t\t<\/div>\n\t\t\t\t<\/div>\n\t\t\t\t\t<\/div>\n\t\t\t\t<\/div>\n\t\t<div class=\"elementor-element elementor-element-eb70b9e e-con-full e-flex e-con e-parent\" data-id=\"eb70b9e\" data-element_type=\"container\" data-e-type=\"container\" data-settings=\"{&quot;background_background&quot;:&quot;classic&quot;}\">\n\t\t<div class=\"elementor-element elementor-element-66b72a1 e-con-full e-flex e-con e-child\" data-id=\"66b72a1\" data-element_type=\"container\" data-e-type=\"container\">\n\t\t\t\t<\/div>\n\t\t<div class=\"elementor-element elementor-element-7abcec7 e-con-full e-flex e-con e-child\" data-id=\"7abcec7\" data-element_type=\"container\" data-e-type=\"container\" data-settings=\"{&quot;background_background&quot;:&quot;classic&quot;}\">\n\t\t<div class=\"elementor-element elementor-element-62b6f64 e-flex e-con-boxed e-con e-child\" data-id=\"62b6f64\" data-element_type=\"container\" data-e-type=\"container\">\n\t\t\t\t\t<div class=\"e-con-inner\">\n\t\t\t\t<div class=\"elementor-element elementor-element-fe45b4e elementor-view-stacked elementor-position-inline-start elementor-mobile-position-inline-start elementor-shape-circle elementor-widget elementor-widget-icon-box\" data-id=\"fe45b4e\" data-element_type=\"widget\" data-e-type=\"widget\" data-widget_type=\"icon-box.default\">\n\t\t\t\t\t\t<div class=\"elementor-widget-container\">\n\t\t\t\t\t\t\t<div class=\"elementor-icon-box-wrapper\">\n\n\t\t\t\t\t\t<div class=\"elementor-icon-box-icon\">\n\t\t\t\t<span  class=\"elementor-icon\">\n\t\t\t\t<i aria-hidden=\"true\" class=\"fas fa-notes-medical\"><\/i>\t\t\t\t<\/span>\n\t\t\t<\/div>\n\t\t\t\n\t\t\t\t\t\t<div class=\"elementor-icon-box-content\">\n\n\t\t\t\t\t\t\t\t\t<h4 class=\"elementor-icon-box-title\">\n\t\t\t\t\t\t<span  >\n\t\t\t\t\t\t\tM\u00f6gliche Anwendungsgebiete\t\t\t\t\t\t<\/span>\n\t\t\t\t\t<\/h4>\n\t\t\t\t\n\t\t\t\t\t\t\t\t\t<p class=\"elementor-icon-box-description\">\n\t\t\t\t\t\t\n\t\t\t\t\t<\/p>\n\t\t\t\t\n\t\t\t<\/div>\n\t\t\t\n\t\t<\/div>\n\t\t\t\t\t\t<\/div>\n\t\t\t\t<\/div>\n\t\t\t\t<div class=\"elementor-element elementor-element-1f1d751 elementor-widget elementor-widget-text-editor\" data-id=\"1f1d751\" data-element_type=\"widget\" data-e-type=\"widget\" data-widget_type=\"text-editor.default\">\n\t\t\t\t\t\t<div class=\"elementor-widget-container\">\n\t\t\t\t\t\t\t\t\t<p>Thermische Denervierung und nicht destruktive Stimulation von:<\/p>\n<ul>\n<li>Facettengelenken (gesamte Wirbels\u00e4ule HWS, BWS, LWS) und ISG<\/li>\n<li>weiteren peripheren Strukturen (Gelenke) an Schulter, H\u00fcfte, Knie und Fu\u00df<\/li>\n<\/ul>\t\t\t\t\t\t\t\t<\/div>\n\t\t\t\t<\/div>\n\t\t\t\t\t<\/div>\n\t\t\t\t<\/div>\n\t\t\t\t<\/div>\n\t\t<div class=\"elementor-element elementor-element-03a325a e-con-full e-flex e-con e-child\" data-id=\"03a325a\" data-element_type=\"container\" data-e-type=\"container\">\n\t\t\t\t<\/div>\n\t\t\t\t<\/div>\n\t\t<div class=\"elementor-element elementor-element-2f931ab e-flex e-con-boxed e-con e-parent\" data-id=\"2f931ab\" data-element_type=\"container\" data-e-type=\"container\" data-settings=\"{&quot;background_background&quot;:&quot;classic&quot;}\">\n\t\t\t\t\t<div class=\"e-con-inner\">\n\t\t<div class=\"elementor-element elementor-element-8bcaf33 e-con-full e-flex e-con e-child\" data-id=\"8bcaf33\" data-element_type=\"container\" data-e-type=\"container\" data-settings=\"{&quot;background_background&quot;:&quot;classic&quot;}\">\n\t\t\t\t<div class=\"elementor-element elementor-element-fa8f271 elementor-widget elementor-widget-heading\" data-id=\"fa8f271\" data-element_type=\"widget\" data-e-type=\"widget\" data-widget_type=\"heading.default\">\n\t\t\t\t\t\t<div class=\"elementor-widget-container\">\n\t\t\t\t\t<h2 class=\"elementor-heading-title elementor-size-default\">Varianten der <br>freien, aktiven <br>Tipspitze<\/h2>\t\t\t\t<\/div>\n\t\t\t\t<\/div>\n\t\t\t\t<div class=\"elementor-element elementor-element-835d463 elementor-widget elementor-widget-text-editor\" data-id=\"835d463\" data-element_type=\"widget\" data-e-type=\"widget\" data-widget_type=\"text-editor.default\">\n\t\t\t\t\t\t<div class=\"elementor-widget-container\">\n\t\t\t\t\t\t\t\t\t<p>distal gebogen<\/p><p>oder<\/p><p>gerade<\/p>\t\t\t\t\t\t\t\t<\/div>\n\t\t\t\t<\/div>\n\t\t\t\t<\/div>\n\t\t<div class=\"elementor-element elementor-element-acb4a49 e-con-full e-flex e-con e-child\" data-id=\"acb4a49\" data-element_type=\"container\" data-e-type=\"container\" data-settings=\"{&quot;background_background&quot;:&quot;classic&quot;}\">\n\t\t\t\t<div class=\"elementor-element elementor-element-492941f elementor-widget elementor-widget-image\" data-id=\"492941f\" data-element_type=\"widget\" data-e-type=\"widget\" data-settings=\"{&quot;motion_fx_motion_fx_scrolling&quot;:&quot;yes&quot;,&quot;motion_fx_translateY_effect&quot;:&quot;yes&quot;,&quot;motion_fx_translateY_affectedRange&quot;:{&quot;unit&quot;:&quot;%&quot;,&quot;size&quot;:&quot;&quot;,&quot;sizes&quot;:{&quot;start&quot;:0,&quot;end&quot;:50}},&quot;motion_fx_translateX_effect&quot;:&quot;yes&quot;,&quot;motion_fx_translateX_affectedRange&quot;:{&quot;unit&quot;:&quot;%&quot;,&quot;size&quot;:&quot;&quot;,&quot;sizes&quot;:{&quot;start&quot;:0,&quot;end&quot;:49}},&quot;motion_fx_rotateZ_effect&quot;:&quot;yes&quot;,&quot;motion_fx_rotateZ_affectedRange&quot;:{&quot;unit&quot;:&quot;%&quot;,&quot;size&quot;:&quot;&quot;,&quot;sizes&quot;:{&quot;start&quot;:0,&quot;end&quot;:50}},&quot;motion_fx_translateY_speed&quot;:{&quot;unit&quot;:&quot;px&quot;,&quot;size&quot;:4,&quot;sizes&quot;:[]},&quot;motion_fx_translateX_speed&quot;:{&quot;unit&quot;:&quot;px&quot;,&quot;size&quot;:4,&quot;sizes&quot;:[]},&quot;motion_fx_rotateZ_speed&quot;:{&quot;unit&quot;:&quot;px&quot;,&quot;size&quot;:1,&quot;sizes&quot;:[]},&quot;motion_fx_devices&quot;:[&quot;desktop&quot;,&quot;tablet&quot;,&quot;mobile&quot;]}\" data-widget_type=\"image.default\">\n\t\t\t\t\t\t<div class=\"elementor-widget-container\">\n\t\t\t\t\t\t\t\t\t\t\t\t\t\t\t\t<a href=\"https:\/\/radimed.de\/wp-content\/uploads\/2023\/09\/Distal-gewinkelte-Spitze.png\" data-elementor-open-lightbox=\"yes\" data-e-action-hash=\"#elementor-action%3Aaction%3Dlightbox%26settings%3DeyJpZCI6MTY2NCwidXJsIjoiaHR0cHM6XC9cL3JhZGltZWQuZGVcL3dwLWNvbnRlbnRcL3VwbG9hZHNcLzIwMjNcLzA5XC9EaXN0YWwtZ2V3aW5rZWx0ZS1TcGl0emUucG5nIn0%3D\">\n\t\t\t\t\t\t\t<img fetchpriority=\"high\" decoding=\"async\" width=\"1932\" height=\"896\" src=\"https:\/\/radimed.de\/wp-content\/uploads\/2023\/09\/Distal-gewinkelte-Spitze.png\" class=\"attachment-full size-full wp-image-1664\" alt=\"\" srcset=\"https:\/\/radimed.de\/wp-content\/uploads\/2023\/09\/Distal-gewinkelte-Spitze.png 1932w, https:\/\/radimed.de\/wp-content\/uploads\/2023\/09\/Distal-gewinkelte-Spitze-300x139.png 300w, https:\/\/radimed.de\/wp-content\/uploads\/2023\/09\/Distal-gewinkelte-Spitze-1024x475.png 1024w, https:\/\/radimed.de\/wp-content\/uploads\/2023\/09\/Distal-gewinkelte-Spitze-768x356.png 768w, https:\/\/radimed.de\/wp-content\/uploads\/2023\/09\/Distal-gewinkelte-Spitze-1536x712.png 1536w\" sizes=\"(max-width: 1932px) 100vw, 1932px\" \/>\t\t\t\t\t\t\t\t<\/a>\n\t\t\t\t\t\t\t\t\t\t\t\t\t\t\t<\/div>\n\t\t\t\t<\/div>\n\t\t\t\t<\/div>\n\t\t\t\t\t<\/div>\n\t\t\t\t<\/div>\n\t\t<div class=\"elementor-element elementor-element-5275e9f e-flex e-con-boxed e-con e-parent\" data-id=\"5275e9f\" data-element_type=\"container\" data-e-type=\"container\">\n\t\t\t\t\t<div class=\"e-con-inner\">\n\t\t<div class=\"elementor-element elementor-element-0c1e68a e-con-full e-flex e-con e-child\" data-id=\"0c1e68a\" data-element_type=\"container\" data-e-type=\"container\">\n\t\t\t\t<\/div>\n\t\t<div class=\"elementor-element elementor-element-c4d9245 e-flex e-con-boxed e-con e-child\" data-id=\"c4d9245\" data-element_type=\"container\" data-e-type=\"container\">\n\t\t\t\t\t<div class=\"e-con-inner\">\n\t\t\t\t<div class=\"elementor-element elementor-element-fbc848f elementor-widget elementor-widget-image\" data-id=\"fbc848f\" data-element_type=\"widget\" data-e-type=\"widget\" data-widget_type=\"image.default\">\n\t\t\t\t\t\t<div class=\"elementor-widget-container\">\n\t\t\t\t\t\t\t\t\t\t\t\t\t\t\t\t<a href=\"https:\/\/radimed.de\/wp-content\/uploads\/2023\/09\/thermolaesionskanuelen_tabelle.jpg\" data-elementor-open-lightbox=\"yes\" data-e-action-hash=\"#elementor-action%3Aaction%3Dlightbox%26settings%3DeyJpZCI6MTY1NCwidXJsIjoiaHR0cHM6XC9cL3JhZGltZWQuZGVcL3dwLWNvbnRlbnRcL3VwbG9hZHNcLzIwMjNcLzA5XC90aGVybW9sYWVzaW9uc2thbnVlbGVuX3RhYmVsbGUuanBnIn0%3D\">\n\t\t\t\t\t\t\t<img decoding=\"async\" width=\"1024\" height=\"440\" src=\"https:\/\/radimed.de\/wp-content\/uploads\/2023\/09\/thermolaesionskanuelen_tabelle-1024x440.jpg\" class=\"attachment-large size-large wp-image-1654\" alt=\"\" srcset=\"https:\/\/radimed.de\/wp-content\/uploads\/2023\/09\/thermolaesionskanuelen_tabelle-1024x440.jpg 1024w, https:\/\/radimed.de\/wp-content\/uploads\/2023\/09\/thermolaesionskanuelen_tabelle-300x129.jpg 300w, https:\/\/radimed.de\/wp-content\/uploads\/2023\/09\/thermolaesionskanuelen_tabelle-768x330.jpg 768w, https:\/\/radimed.de\/wp-content\/uploads\/2023\/09\/thermolaesionskanuelen_tabelle-1536x660.jpg 1536w, https:\/\/radimed.de\/wp-content\/uploads\/2023\/09\/thermolaesionskanuelen_tabelle.jpg 1920w\" sizes=\"(max-width: 1024px) 100vw, 1024px\" \/>\t\t\t\t\t\t\t\t<\/a>\n\t\t\t\t\t\t\t\t\t\t\t\t\t\t\t<\/div>\n\t\t\t\t<\/div>\n\t\t\t\t<div class=\"elementor-element elementor-element-516ff9f elementor-widget elementor-widget-text-editor\" data-id=\"516ff9f\" data-element_type=\"widget\" data-e-type=\"widget\" data-widget_type=\"text-editor.default\">\n\t\t\t\t\t\t<div class=\"elementor-widget-container\">\n\t\t\t\t\t\t\t\t\t<p><em>Die Produkte sind einzeln steril verpackt und k\u00f6nnen in Einheiten von 10 bzw. 50 St\u00fcck bezogen werden.<\/em><\/p>\t\t\t\t\t\t\t\t<\/div>\n\t\t\t\t<\/div>\n\t\t\t\t\t<\/div>\n\t\t\t\t<\/div>\n\t\t<div class=\"elementor-element elementor-element-0febb2a e-con-full e-flex e-con e-child\" data-id=\"0febb2a\" data-element_type=\"container\" data-e-type=\"container\">\n\t\t\t\t<\/div>\n\t\t\t\t\t<\/div>\n\t\t\t\t<\/div>\n\t\t\t\t<\/div>\n\t\t","protected":false},"excerpt":{"rendered":"<p>Thermische Denervierung \/ Stimulation Thermol\u00e4sionskan\u00fclenzur Schmerztherapie Spezielle, isolierte Kan\u00fclen zur thermischen Denervierung an der Wirbels\u00e4ule und an weiteren ausgew\u00e4hlten Gelenken Die Radimed Thermol\u00e4sionskan\u00fclen bieten dem Anwender unterschiedliche L\u00e4ngen, Durchmesser, Geometrien und freie Tipspitzen (gerade und distal gebogen).\u00a0 Diese sind individuell passend f\u00fcr die geplante Therapie an der ausgew\u00e4hlten Zielregion.\u00a0 Sicher kombiniert Die farbliche \u00dcbereinstimmung von [&hellip;]<\/p>\n","protected":false},"author":1,"featured_media":0,"parent":1342,"menu_order":1,"comment_status":"closed","ping_status":"closed","template":"","meta":{"site-sidebar-layout":"no-sidebar","site-content-layout":"page-builder","ast-site-content-layout":"full-width-container","site-content-style":"unboxed","site-sidebar-style":"unboxed","ast-global-header-display":"","ast-banner-title-visibility":"","ast-main-header-display":"","ast-hfb-above-header-display":"","ast-hfb-below-header-display":"","ast-hfb-mobile-header-display":"","site-post-title":"disabled","ast-breadcrumbs-content":"","ast-featured-img":"disabled","footer-sml-layout":"","ast-disable-related-posts":"","theme-transparent-header-meta":"enabled","adv-header-id-meta":"","stick-header-meta":"","header-above-stick-meta":"","header-main-stick-meta":"","header-below-stick-meta":"","astra-migrate-meta-layouts":"set","ast-page-background-enabled":"default","ast-page-background-meta":{"desktop":{"background-color":"","background-image":"","background-repeat":"repeat","background-position":"center center","background-size":"auto","background-attachment":"scroll","background-type":"","background-media":"","overlay-type":"","overlay-color":"","overlay-opacity":"","overlay-gradient":""},"tablet":{"background-color":"","background-image":"","background-repeat":"repeat","background-position":"center center","background-size":"auto","background-attachment":"scroll","background-type":"","background-media":"","overlay-type":"","overlay-color":"","overlay-opacity":"","overlay-gradient":""},"mobile":{"background-color":"","background-image":"","background-repeat":"repeat","background-position":"center center","background-size":"auto","background-attachment":"scroll","background-type":"","background-media":"","overlay-type":"","overlay-color":"","overlay-opacity":"","overlay-gradient":""}},"ast-content-background-meta":{"desktop":{"background-color":"var(--ast-global-color-5)","background-image":"","background-repeat":"repeat","background-position":"center center","background-size":"auto","background-attachment":"scroll","background-type":"","background-media":"","overlay-type":"","overlay-color":"","overlay-opacity":"","overlay-gradient":""},"tablet":{"background-color":"var(--ast-global-color-5)","background-image":"","background-repeat":"repeat","background-position":"center center","background-size":"auto","background-attachment":"scroll","background-type":"","background-media":"","overlay-type":"","overlay-color":"","overlay-opacity":"","overlay-gradient":""},"mobile":{"background-color":"var(--ast-global-color-5)","background-image":"","background-repeat":"repeat","background-position":"center center","background-size":"auto","background-attachment":"scroll","background-type":"","background-media":"","overlay-type":"","overlay-color":"","overlay-opacity":"","overlay-gradient":""}},"footnotes":""},"class_list":["post-1619","page","type-page","status-publish","hentry"],"_links":{"self":[{"href":"https:\/\/radimed.de\/en\/wp-json\/wp\/v2\/pages\/1619","targetHints":{"allow":["GET"]}}],"collection":[{"href":"https:\/\/radimed.de\/en\/wp-json\/wp\/v2\/pages"}],"about":[{"href":"https:\/\/radimed.de\/en\/wp-json\/wp\/v2\/types\/page"}],"author":[{"embeddable":true,"href":"https:\/\/radimed.de\/en\/wp-json\/wp\/v2\/users\/1"}],"replies":[{"embeddable":true,"href":"https:\/\/radimed.de\/en\/wp-json\/wp\/v2\/comments?post=1619"}],"version-history":[{"count":57,"href":"https:\/\/radimed.de\/en\/wp-json\/wp\/v2\/pages\/1619\/revisions"}],"predecessor-version":[{"id":3381,"href":"https:\/\/radimed.de\/en\/wp-json\/wp\/v2\/pages\/1619\/revisions\/3381"}],"up":[{"embeddable":true,"href":"https:\/\/radimed.de\/en\/wp-json\/wp\/v2\/pages\/1342"}],"wp:attachment":[{"href":"https:\/\/radimed.de\/en\/wp-json\/wp\/v2\/media?parent=1619"}],"curies":[{"name":"wp","href":"https:\/\/api.w.org\/{rel}","templated":true}]}}