{"id":1348,"date":"2023-03-06T18:43:41","date_gmt":"2023-03-06T18:43:41","guid":{"rendered":"https:\/\/jolly-knuth.91-250-114-234.plesk.page\/?page_id=1348"},"modified":"2025-08-19T07:43:42","modified_gmt":"2025-08-19T07:43:42","slug":"rf-thermodenervierung","status":"publish","type":"page","link":"https:\/\/radimed.de\/en\/produkte\/rf-thermodenervierung\/","title":{"rendered":"RF thermodenervation"},"content":{"rendered":"<div data-elementor-type=\"wp-post\" data-elementor-id=\"1348\" class=\"elementor elementor-1348\" data-elementor-post-type=\"page\">\n\t\t\t\t<div class=\"elementor-element elementor-element-ea9e39a e-flex e-con-boxed e-con e-parent\" data-id=\"ea9e39a\" data-element_type=\"container\" data-e-type=\"container\" data-settings=\"{&quot;background_background&quot;:&quot;classic&quot;,&quot;shape_divider_bottom&quot;:&quot;waves&quot;,&quot;shape_divider_bottom_negative&quot;:&quot;yes&quot;}\">\n\t\t\t\t\t<div class=\"e-con-inner\">\n\t\t\t\t<div class=\"elementor-shape elementor-shape-bottom\" aria-hidden=\"true\" data-negative=\"true\">\n\t\t\t<svg xmlns=\"http:\/\/www.w3.org\/2000\/svg\" viewbox=\"0 0 1000 100\" preserveaspectratio=\"none\">\n\t<path class=\"elementor-shape-fill\" d=\"M790.5,93.1c-59.3-5.3-116.8-18-192.6-50c-29.6-12.7-76.9-31-100.5-35.9c-23.6-4.9-52.6-7.8-75.5-5.3\tc-10.2,1.1-22.6,1.4-50.1,7.4c-27.2,6.3-58.2,16.6-79.4,24.7c-41.3,15.9-94.9,21.9-134,22.6C72,58.2,0,25.8,0,25.8V100h1000V65.3\tc0,0-51.5,19.4-106.2,25.7C839.5,97,814.1,95.2,790.5,93.1z\"\/>\n<\/svg>\t\t<\/div>\n\t\t<div class=\"elementor-element elementor-element-722881d4 e-con-full e-flex e-con e-child\" data-id=\"722881d4\" data-element_type=\"container\" data-e-type=\"container\">\n\t\t\t\t<div class=\"elementor-element elementor-element-275d9ef elementor-view-default elementor-widget elementor-widget-icon\" data-id=\"275d9ef\" data-element_type=\"widget\" data-e-type=\"widget\" data-widget_type=\"icon.default\">\n\t\t\t\t\t\t<div class=\"elementor-widget-container\">\n\t\t\t\t\t\t\t<div class=\"elementor-icon-wrapper\">\n\t\t\t<div class=\"elementor-icon\">\n\t\t\t<svg xmlns=\"http:\/\/www.w3.org\/2000\/svg\" xmlns:xlink=\"http:\/\/www.w3.org\/1999\/xlink\" id=\"Ebene_1\" x=\"0px\" y=\"0px\" viewbox=\"0 0 500 500\" style=\"enable-background:new 0 0 500 500;\" xml:space=\"preserve\"><g>\t<path d=\"M500,500H0V0h500V500z M8.58,491.42h482.84V8.58H8.58V491.42z\"><\/path><\/g><polygon points=\"235.88,209.11 259.49,209.11 313.67,383.27 183.46,383.27 \"><\/polygon><path d=\"M232.55,167.28c0-9.76,7.91-17.67,17.67-17.67c9.76,0,17.67,7.91,17.67,17.67c0,9.76-7.91,17.67-17.67,17.67 C240.46,184.95,232.55,177.04,232.55,167.28\"><\/path><path d=\"M107.53,316.08c-40.73-39.26-63.16-92.03-63.16-148.57c0-56.96,23.86-111.92,65.47-150.79l24.29,26 C99.7,74.88,79.95,120.37,79.95,167.51c0,46.8,18.56,90.47,52.27,122.97L107.53,316.08z M394.07,314.97l-24.89-25.43 c33.08-32.37,51.29-75.71,51.29-122.03c0-47.43-19.87-93.06-54.52-125.19l24.2-26.08c41.87,38.84,65.89,93.98,65.89,151.28 C456.04,223.48,434.04,275.84,394.07,314.97z M151.25,267.05c-26.64-26.57-41.32-61.92-41.32-99.54 c0-38.55,16.07-75.83,44.09-102.27l24.42,25.87c-21.24,20.04-32.93,47.18-32.93,76.4c0,28.1,10.96,54.51,30.86,74.35L151.25,267.05z  M348.19,265.9l-25.41-24.89c20.73-21.16,32.14-47.26,32.14-73.5c0-29.07-11.55-56.08-32.52-76.05l24.53-25.77 c28.09,26.75,43.56,62.91,43.56,101.81C390.49,203.11,375.47,238.06,348.19,265.9z M304.02,221.53l-25.14-25.16 c7.7-7.7,11.96-17.96,11.96-28.86c0-11.18-4.38-21.57-12.32-29.26l24.76-25.55c14.92,14.46,23.13,33.92,23.13,54.81 C326.4,187.92,318.45,207.1,304.02,221.53z M194.71,219.74c-13.34-14.22-20.68-32.77-20.68-52.23c0-20.26,7.8-39.96,21.38-54.06 l25.61,24.69c-7.15,7.42-11.42,18.39-11.42,29.37c0,10.39,3.92,20.29,11.06,27.9L194.71,219.74z\"><\/path><polygon points=\"191.73,400.43 191.73,469.58 206.93,469.58 206.93,439.74 234.93,439.74 234.93,469.58 250.12,469.58  250.12,400.43 234.93,400.43 234.93,426.96 206.93,426.96 206.93,400.43 \"><\/polygon><polygon points=\"263.49,400.43 263.49,469.58 278.7,469.58 278.7,441 307.65,441 307.65,429.19 278.7,429.19 278.7,413.21  312.1,413.21 312.1,400.43 \"><\/polygon><\/svg>\t\t\t<\/div>\n\t\t<\/div>\n\t\t\t\t\t\t<\/div>\n\t\t\t\t<\/div>\n\t\t\t\t<div class=\"elementor-element elementor-element-10d9b374 elementor-widget elementor-widget-heading\" data-id=\"10d9b374\" data-element_type=\"widget\" data-e-type=\"widget\" data-widget_type=\"heading.default\">\n\t\t\t\t\t\t<div class=\"elementor-widget-container\">\n\t\t\t\t\t<h6 class=\"elementor-heading-title elementor-size-default\">Thermal denervation \/ stimulation <\/h6>\t\t\t\t<\/div>\n\t\t\t\t<\/div>\n\t\t\t\t<div class=\"elementor-element elementor-element-43bfc795 elementor-widget elementor-widget-heading\" data-id=\"43bfc795\" data-element_type=\"widget\" data-e-type=\"widget\" data-widget_type=\"heading.default\">\n\t\t\t\t\t\t<div class=\"elementor-widget-container\">\n\t\t\t\t\t<h1 class=\"elementor-heading-title elementor-size-default\">RF therapy<\/h1>\t\t\t\t<\/div>\n\t\t\t\t<\/div>\n\t\t\t\t<\/div>\n\t\t\t\t\t<\/div>\n\t\t\t\t<\/div>\n\t\t<div class=\"elementor-element elementor-element-d576f84 e-flex e-con-boxed e-con e-parent\" data-id=\"d576f84\" data-element_type=\"container\" data-e-type=\"container\">\n\t\t\t\t\t<div class=\"e-con-inner\">\n\t\t\t\t<div class=\"elementor-element elementor-element-015f3c2 elementor-widget elementor-widget-heading\" data-id=\"015f3c2\" data-element_type=\"widget\" data-e-type=\"widget\" data-widget_type=\"heading.default\">\n\t\t\t\t\t\t<div class=\"elementor-widget-container\">\n\t\t\t\t\t<h3 class=\"elementor-heading-title elementor-size-default\">Effectively relieve pain with Radimed RF thermocouple electrodes, thermolesion cannulas and suitable RF generators<\/h3>\t\t\t\t<\/div>\n\t\t\t\t<\/div>\n\t\t\t\t\t<\/div>\n\t\t\t\t<\/div>\n\t\t<div class=\"elementor-element elementor-element-016bb18 e-flex e-con-boxed e-con e-parent\" data-id=\"016bb18\" data-element_type=\"container\" data-e-type=\"container\" id=\"dental_about\" data-settings=\"{&quot;background_background&quot;:&quot;classic&quot;}\">\n\t\t\t\t\t<div class=\"e-con-inner\">\n\t\t<div class=\"elementor-element elementor-element-919ba60 e-con-full e-flex e-con e-child\" data-id=\"919ba60\" data-element_type=\"container\" data-e-type=\"container\">\n\t\t\t\t<div class=\"elementor-element elementor-element-1a82773 elementor-widget elementor-widget-text-editor\" data-id=\"1a82773\" data-element_type=\"widget\" data-e-type=\"widget\" data-widget_type=\"text-editor.default\">\n\t\t\t\t\t\t<div class=\"elementor-widget-container\">\n\t\t\t\t\t\t\t\t\t<div class=\"ce-textpic ce-right ce-intext\"><div class=\"ce-bodytext\"><p>Common applications of HF treatment in pain therapy include the treatment of chronic pain in the musculoskeletal system, e.g. in the spinal facet joints, the sacroiliac joint and in peripheral joints such as the knee, hip, elbow or foot.<\/p><h3>indication<\/h3><p>Thermocoagulation and stimulation (PRF) is particularly suitable for pain therapy of peripheral nerve structures, where pain elimination is to be achieved by denervation or nerve stimulation.<\/p><div>\u00a0<\/div><\/div><\/div>\t\t\t\t\t\t\t\t<\/div>\n\t\t\t\t<\/div>\n\t\t\t\t<\/div>\n\t\t<div class=\"elementor-element elementor-element-9aab990 e-con-full e-flex e-con e-child\" data-id=\"9aab990\" data-element_type=\"container\" data-e-type=\"container\">\n\t\t\t\t<div class=\"elementor-element elementor-element-319653d elementor-widget elementor-widget-text-editor\" data-id=\"319653d\" data-element_type=\"widget\" data-e-type=\"widget\" data-widget_type=\"text-editor.default\">\n\t\t\t\t\t\t<div class=\"elementor-widget-container\">\n\t\t\t\t\t\t\t\t\t<p>These include:\u00a0<\/p><ul><li>Denervation of the facet joints (e.g. ramus medialis, dorsalis)<\/li><li>Denervation in the knee (e.g.<br \/>genicular nerve, saphenous nerve)<\/li><li>Denervation of the ankle\/heel (e.g. calcaneal nerve)<\/li><li>Denervation of the hip<br \/>(e.g. opturator nerve, femoral nerve)<\/li><li>Denervation of the shoulder<br \/>(e.g. suprascapular nerve)<\/li><\/ul>\t\t\t\t\t\t\t\t<\/div>\n\t\t\t\t<\/div>\n\t\t\t\t<\/div>\n\t\t\t\t\t<\/div>\n\t\t\t\t<\/div>\n\t\t<div class=\"elementor-element elementor-element-4288775 e-flex e-con-boxed e-con e-parent\" data-id=\"4288775\" data-element_type=\"container\" data-e-type=\"container\" data-settings=\"{&quot;background_background&quot;:&quot;classic&quot;}\">\n\t\t\t\t\t<div class=\"e-con-inner\">\n\t\t<div class=\"elementor-element elementor-element-023acdb e-con-full e-flex e-con e-child\" data-id=\"023acdb\" data-element_type=\"container\" data-e-type=\"container\">\n\t\t\t\t<div class=\"elementor-element elementor-element-58cdacb elementor-widget elementor-widget-image\" data-id=\"58cdacb\" data-element_type=\"widget\" data-e-type=\"widget\" data-widget_type=\"image.default\">\n\t\t\t\t\t\t<div class=\"elementor-widget-container\">\n\t\t\t\t\t\t\t\t\t\t\t\t\t\t\t<img fetchpriority=\"high\" decoding=\"async\" width=\"1024\" height=\"1024\" src=\"https:\/\/radimed.de\/wp-content\/uploads\/2024\/07\/Wirbelsaeule-1024x1024.png\" class=\"attachment-large size-large wp-image-2971\" alt=\"\" srcset=\"https:\/\/radimed.de\/wp-content\/uploads\/2024\/07\/Wirbelsaeule-1024x1024.png 1024w, https:\/\/radimed.de\/wp-content\/uploads\/2024\/07\/Wirbelsaeule-300x300.png 300w, https:\/\/radimed.de\/wp-content\/uploads\/2024\/07\/Wirbelsaeule-150x150.png 150w, https:\/\/radimed.de\/wp-content\/uploads\/2024\/07\/Wirbelsaeule-768x768.png 768w, https:\/\/radimed.de\/wp-content\/uploads\/2024\/07\/Wirbelsaeule.png 1500w\" sizes=\"(max-width: 1024px) 100vw, 1024px\" \/>\t\t\t\t\t\t\t\t\t\t\t\t\t\t\t<\/div>\n\t\t\t\t<\/div>\n\t\t\t\t<\/div>\n\t\t<div class=\"elementor-element elementor-element-6e634a4 e-con-full e-flex e-con e-child\" data-id=\"6e634a4\" data-element_type=\"container\" data-e-type=\"container\">\n\t\t\t\t<div class=\"elementor-element elementor-element-6f636a1 elementor-widget elementor-widget-image\" data-id=\"6f636a1\" data-element_type=\"widget\" data-e-type=\"widget\" data-widget_type=\"image.default\">\n\t\t\t\t\t\t<div class=\"elementor-widget-container\">\n\t\t\t\t\t\t\t\t\t\t\t\t\t\t\t\t<a href=\"https:\/\/radimed.de\/wp-content\/uploads\/2023\/09\/Knoechel.jpg\" data-elementor-open-lightbox=\"yes\" data-e-action-hash=\"#elementor-action%3Aaction%3Dlightbox%26settings%3DeyJpZCI6MTYxNCwidXJsIjoiaHR0cHM6XC9cL3JhZGltZWQuZGVcL3dwLWNvbnRlbnRcL3VwbG9hZHNcLzIwMjNcLzA5XC9Lbm9lY2hlbC5qcGcifQ%3D%3D\">\n\t\t\t\t\t\t\t<img decoding=\"async\" width=\"1000\" height=\"1000\" src=\"https:\/\/radimed.de\/wp-content\/uploads\/2023\/09\/Knoechel.jpg\" class=\"attachment-large size-large wp-image-1614\" alt=\"\" srcset=\"https:\/\/radimed.de\/wp-content\/uploads\/2023\/09\/Knoechel.jpg 1000w, https:\/\/radimed.de\/wp-content\/uploads\/2023\/09\/Knoechel-300x300.jpg 300w, https:\/\/radimed.de\/wp-content\/uploads\/2023\/09\/Knoechel-150x150.jpg 150w, https:\/\/radimed.de\/wp-content\/uploads\/2023\/09\/Knoechel-768x768.jpg 768w\" sizes=\"(max-width: 1000px) 100vw, 1000px\" \/>\t\t\t\t\t\t\t\t<\/a>\n\t\t\t\t\t\t\t\t\t\t\t\t\t\t\t<\/div>\n\t\t\t\t<\/div>\n\t\t\t\t<\/div>\n\t\t<div class=\"elementor-element elementor-element-10446ae e-con-full e-flex e-con e-child\" data-id=\"10446ae\" data-element_type=\"container\" data-e-type=\"container\">\n\t\t\t\t<div class=\"elementor-element elementor-element-e54820f elementor-widget elementor-widget-image\" data-id=\"e54820f\" data-element_type=\"widget\" data-e-type=\"widget\" data-widget_type=\"image.default\">\n\t\t\t\t\t\t<div class=\"elementor-widget-container\">\n\t\t\t\t\t\t\t\t\t\t\t\t\t\t\t\t<a href=\"https:\/\/radimed.de\/wp-content\/uploads\/2023\/09\/Knie.jpg\" data-elementor-open-lightbox=\"yes\" data-e-action-hash=\"#elementor-action%3Aaction%3Dlightbox%26settings%3DeyJpZCI6MTYxMywidXJsIjoiaHR0cHM6XC9cL3JhZGltZWQuZGVcL3dwLWNvbnRlbnRcL3VwbG9hZHNcLzIwMjNcLzA5XC9LbmllLmpwZyJ9\">\n\t\t\t\t\t\t\t<img decoding=\"async\" width=\"1000\" height=\"1000\" src=\"https:\/\/radimed.de\/wp-content\/uploads\/2023\/09\/Knie.jpg\" class=\"attachment-large size-large wp-image-1613\" alt=\"\" srcset=\"https:\/\/radimed.de\/wp-content\/uploads\/2023\/09\/Knie.jpg 1000w, https:\/\/radimed.de\/wp-content\/uploads\/2023\/09\/Knie-300x300.jpg 300w, https:\/\/radimed.de\/wp-content\/uploads\/2023\/09\/Knie-150x150.jpg 150w, https:\/\/radimed.de\/wp-content\/uploads\/2023\/09\/Knie-768x768.jpg 768w\" sizes=\"(max-width: 1000px) 100vw, 1000px\" \/>\t\t\t\t\t\t\t\t<\/a>\n\t\t\t\t\t\t\t\t\t\t\t\t\t\t\t<\/div>\n\t\t\t\t<\/div>\n\t\t\t\t<\/div>\n\t\t<div class=\"elementor-element elementor-element-df4f065 e-con-full e-flex e-con e-child\" data-id=\"df4f065\" data-element_type=\"container\" data-e-type=\"container\">\n\t\t\t\t<div class=\"elementor-element elementor-element-2b858d9 elementor-widget elementor-widget-image\" data-id=\"2b858d9\" data-element_type=\"widget\" data-e-type=\"widget\" data-widget_type=\"image.default\">\n\t\t\t\t\t\t<div class=\"elementor-widget-container\">\n\t\t\t\t\t\t\t\t\t\t\t\t\t\t\t\t<a href=\"https:\/\/radimed.de\/wp-content\/uploads\/2023\/09\/Huefte.jpg\" data-elementor-open-lightbox=\"yes\" data-e-action-hash=\"#elementor-action%3Aaction%3Dlightbox%26settings%3DeyJpZCI6MTYxMiwidXJsIjoiaHR0cHM6XC9cL3JhZGltZWQuZGVcL3dwLWNvbnRlbnRcL3VwbG9hZHNcLzIwMjNcLzA5XC9IdWVmdGUuanBnIn0%3D\">\n\t\t\t\t\t\t\t<img loading=\"lazy\" decoding=\"async\" width=\"1000\" height=\"1000\" src=\"https:\/\/radimed.de\/wp-content\/uploads\/2023\/09\/Huefte.jpg\" class=\"attachment-large size-large wp-image-1612\" alt=\"\" srcset=\"https:\/\/radimed.de\/wp-content\/uploads\/2023\/09\/Huefte.jpg 1000w, https:\/\/radimed.de\/wp-content\/uploads\/2023\/09\/Huefte-300x300.jpg 300w, https:\/\/radimed.de\/wp-content\/uploads\/2023\/09\/Huefte-150x150.jpg 150w, https:\/\/radimed.de\/wp-content\/uploads\/2023\/09\/Huefte-768x768.jpg 768w\" sizes=\"(max-width: 1000px) 100vw, 1000px\" \/>\t\t\t\t\t\t\t\t<\/a>\n\t\t\t\t\t\t\t\t\t\t\t\t\t\t\t<\/div>\n\t\t\t\t<\/div>\n\t\t\t\t<\/div>\n\t\t<div class=\"elementor-element elementor-element-10981c2 e-con-full e-flex e-con e-child\" data-id=\"10981c2\" data-element_type=\"container\" data-e-type=\"container\">\n\t\t\t\t<div class=\"elementor-element elementor-element-3afd9db elementor-widget elementor-widget-image\" data-id=\"3afd9db\" data-element_type=\"widget\" data-e-type=\"widget\" data-widget_type=\"image.default\">\n\t\t\t\t\t\t<div class=\"elementor-widget-container\">\n\t\t\t\t\t\t\t\t\t\t\t\t\t\t\t\t<a href=\"https:\/\/radimed.de\/wp-content\/uploads\/2023\/09\/Schulter.jpg\" data-elementor-open-lightbox=\"yes\" data-e-action-hash=\"#elementor-action%3Aaction%3Dlightbox%26settings%3DeyJpZCI6MTYxNSwidXJsIjoiaHR0cHM6XC9cL3JhZGltZWQuZGVcL3dwLWNvbnRlbnRcL3VwbG9hZHNcLzIwMjNcLzA5XC9TY2h1bHRlci5qcGcifQ%3D%3D\">\n\t\t\t\t\t\t\t<img loading=\"lazy\" decoding=\"async\" width=\"1000\" height=\"1000\" src=\"https:\/\/radimed.de\/wp-content\/uploads\/2023\/09\/Schulter.jpg\" class=\"attachment-large size-large wp-image-1615\" alt=\"\" srcset=\"https:\/\/radimed.de\/wp-content\/uploads\/2023\/09\/Schulter.jpg 1000w, https:\/\/radimed.de\/wp-content\/uploads\/2023\/09\/Schulter-300x300.jpg 300w, https:\/\/radimed.de\/wp-content\/uploads\/2023\/09\/Schulter-150x150.jpg 150w, https:\/\/radimed.de\/wp-content\/uploads\/2023\/09\/Schulter-768x768.jpg 768w\" sizes=\"(max-width: 1000px) 100vw, 1000px\" \/>\t\t\t\t\t\t\t\t<\/a>\n\t\t\t\t\t\t\t\t\t\t\t\t\t\t\t<\/div>\n\t\t\t\t<\/div>\n\t\t\t\t<\/div>\n\t\t\t\t\t<\/div>\n\t\t\t\t<\/div>\n\t\t<div class=\"elementor-element elementor-element-c060861 e-flex e-con-boxed e-con e-parent\" data-id=\"c060861\" data-element_type=\"container\" data-e-type=\"container\" data-settings=\"{&quot;background_background&quot;:&quot;gradient&quot;}\">\n\t\t\t\t\t<div class=\"e-con-inner\">\n\t\t<div class=\"elementor-element elementor-element-0831874 e-con-full e-flex e-con e-child\" data-id=\"0831874\" data-element_type=\"container\" data-e-type=\"container\">\n\t\t\t\t<div class=\"elementor-element elementor-element-227e5c1 elementor-widget elementor-widget-image\" data-id=\"227e5c1\" data-element_type=\"widget\" data-e-type=\"widget\" data-widget_type=\"image.default\">\n\t\t\t\t\t\t<div class=\"elementor-widget-container\">\n\t\t\t\t\t\t\t\t\t\t\t\t\t\t\t\t<a href=\"https:\/\/radimed.de\/wp-content\/uploads\/2023\/09\/Img0544.jpg\" data-elementor-open-lightbox=\"yes\" data-e-action-hash=\"#elementor-action%3Aaction%3Dlightbox%26settings%3DeyJpZCI6MTU4MSwidXJsIjoiaHR0cHM6XC9cL3JhZGltZWQuZGVcL3dwLWNvbnRlbnRcL3VwbG9hZHNcLzIwMjNcLzA5XC9JbWcwNTQ0LmpwZyJ9\">\n\t\t\t\t\t\t\t<img loading=\"lazy\" decoding=\"async\" width=\"1024\" height=\"576\" src=\"https:\/\/radimed.de\/wp-content\/uploads\/2023\/09\/Img0544-1024x576.jpg\" class=\"attachment-large size-large wp-image-1581\" alt=\"\" srcset=\"https:\/\/radimed.de\/wp-content\/uploads\/2023\/09\/Img0544-1024x576.jpg 1024w, https:\/\/radimed.de\/wp-content\/uploads\/2023\/09\/Img0544-300x169.jpg 300w, https:\/\/radimed.de\/wp-content\/uploads\/2023\/09\/Img0544-768x432.jpg 768w, https:\/\/radimed.de\/wp-content\/uploads\/2023\/09\/Img0544-1536x864.jpg 1536w, https:\/\/radimed.de\/wp-content\/uploads\/2023\/09\/Img0544.jpg 1920w\" sizes=\"(max-width: 1024px) 100vw, 1024px\" \/>\t\t\t\t\t\t\t\t<\/a>\n\t\t\t\t\t\t\t\t\t\t\t\t\t\t\t<\/div>\n\t\t\t\t<\/div>\n\t\t\t\t<\/div>\n\t\t<div class=\"elementor-element elementor-element-535b864 e-con-full e-flex e-con e-child\" data-id=\"535b864\" data-element_type=\"container\" data-e-type=\"container\">\n\t\t\t\t<div class=\"elementor-element elementor-element-5a48273 elementor-widget elementor-widget-image\" data-id=\"5a48273\" data-element_type=\"widget\" data-e-type=\"widget\" data-settings=\"{&quot;_animation&quot;:&quot;none&quot;}\" data-widget_type=\"image.default\">\n\t\t\t\t\t\t<div class=\"elementor-widget-container\">\n\t\t\t\t\t\t\t\t\t\t\t\t\t\t\t\t<a href=\"https:\/\/radimed.de\/wp-content\/uploads\/2025\/08\/A304-1-8-scaled.jpg\" data-elementor-open-lightbox=\"yes\" data-e-action-hash=\"#elementor-action%3Aaction%3Dlightbox%26settings%3DeyJpZCI6NDA4MSwidXJsIjoiaHR0cHM6XC9cL3JhZGltZWQuZGVcL3dwLWNvbnRlbnRcL3VwbG9hZHNcLzIwMjVcLzA4XC9BMzA0LTEtOC1zY2FsZWQuanBnIn0%3D\">\n\t\t\t\t\t\t\t<img loading=\"lazy\" decoding=\"async\" width=\"1024\" height=\"718\" src=\"https:\/\/radimed.de\/wp-content\/uploads\/2025\/08\/A304-1-8-1024x718.jpg\" class=\"attachment-large size-large wp-image-4081\" alt=\"\" srcset=\"https:\/\/radimed.de\/wp-content\/uploads\/2025\/08\/A304-1-8-1024x718.jpg 1024w, https:\/\/radimed.de\/wp-content\/uploads\/2025\/08\/A304-1-8-300x210.jpg 300w, https:\/\/radimed.de\/wp-content\/uploads\/2025\/08\/A304-1-8-768x538.jpg 768w, https:\/\/radimed.de\/wp-content\/uploads\/2025\/08\/A304-1-8-1536x1077.jpg 1536w, https:\/\/radimed.de\/wp-content\/uploads\/2025\/08\/A304-1-8-2048x1436.jpg 2048w, https:\/\/radimed.de\/wp-content\/uploads\/2025\/08\/A304-1-8-18x12.jpg 18w\" sizes=\"(max-width: 1024px) 100vw, 1024px\" \/>\t\t\t\t\t\t\t\t<\/a>\n\t\t\t\t\t\t\t\t\t\t\t\t\t\t\t<\/div>\n\t\t\t\t<\/div>\n\t\t\t\t<\/div>\n\t\t<div class=\"elementor-element elementor-element-e0bbd5b e-con-full e-flex e-con e-child\" data-id=\"e0bbd5b\" data-element_type=\"container\" data-e-type=\"container\">\n\t\t\t\t<div class=\"elementor-element elementor-element-f8111f5 elementor-widget elementor-widget-image\" data-id=\"f8111f5\" data-element_type=\"widget\" data-e-type=\"widget\" data-widget_type=\"image.default\">\n\t\t\t\t\t\t<div class=\"elementor-widget-container\">\n\t\t\t\t\t\t\t\t\t\t\t\t\t\t\t\t<a href=\"https:\/\/radimed.de\/wp-content\/uploads\/2023\/09\/kure_Nadeln_quadratisch.jpg\" data-elementor-open-lightbox=\"yes\" data-e-action-hash=\"#elementor-action%3Aaction%3Dlightbox%26settings%3DeyJpZCI6MTU4MiwidXJsIjoiaHR0cHM6XC9cL3JhZGltZWQuZGVcL3dwLWNvbnRlbnRcL3VwbG9hZHNcLzIwMjNcLzA5XC9rdXJlX05hZGVsbl9xdWFkcmF0aXNjaC5qcGcifQ%3D%3D\">\n\t\t\t\t\t\t\t<img loading=\"lazy\" decoding=\"async\" width=\"1024\" height=\"576\" src=\"https:\/\/radimed.de\/wp-content\/uploads\/2023\/09\/kure_Nadeln_quadratisch-1024x576.jpg\" class=\"attachment-large size-large wp-image-1582\" alt=\"\" srcset=\"https:\/\/radimed.de\/wp-content\/uploads\/2023\/09\/kure_Nadeln_quadratisch-1024x576.jpg 1024w, https:\/\/radimed.de\/wp-content\/uploads\/2023\/09\/kure_Nadeln_quadratisch-300x169.jpg 300w, https:\/\/radimed.de\/wp-content\/uploads\/2023\/09\/kure_Nadeln_quadratisch-768x432.jpg 768w, https:\/\/radimed.de\/wp-content\/uploads\/2023\/09\/kure_Nadeln_quadratisch-1536x864.jpg 1536w, https:\/\/radimed.de\/wp-content\/uploads\/2023\/09\/kure_Nadeln_quadratisch.jpg 1920w\" sizes=\"(max-width: 1024px) 100vw, 1024px\" \/>\t\t\t\t\t\t\t\t<\/a>\n\t\t\t\t\t\t\t\t\t\t\t\t\t\t\t<\/div>\n\t\t\t\t<\/div>\n\t\t\t\t<\/div>\n\t\t\t\t\t<\/div>\n\t\t\t\t<\/div>\n\t\t<div class=\"elementor-element elementor-element-559a836 e-flex e-con-boxed e-con e-parent\" data-id=\"559a836\" data-element_type=\"container\" data-e-type=\"container\">\n\t\t\t\t\t<div class=\"e-con-inner\">\n\t\t<div class=\"elementor-element elementor-element-9640803 e-flex e-con-boxed e-con e-child\" data-id=\"9640803\" data-element_type=\"container\" data-e-type=\"container\" data-settings=\"{&quot;background_background&quot;:&quot;classic&quot;}\">\n\t\t\t\t\t<div class=\"e-con-inner\">\n\t\t\t\t<div class=\"elementor-element elementor-element-ecd96a8 elementor-widget elementor-widget-text-editor\" data-id=\"ecd96a8\" data-element_type=\"widget\" data-e-type=\"widget\" data-widget_type=\"text-editor.default\">\n\t\t\t\t\t\t<div class=\"elementor-widget-container\">\n\t\t\t\t\t\t\t\t\t<h3 style=\"text-align: center;\"><span style=\"color: #003366;\">Medical devices \u2013 <\/span><br \/><span style=\"color: #003366;\">everything from one source<\/span><\/h3><p style=\"text-align: center;\">RF thermolesion generators, RF thermocouple electrodes and thermolesion cannulas as well as connecting cables and neutral electrodes are used for RF therapy. All products are offered by Radimed in a compatible manner.<\/p>\t\t\t\t\t\t\t\t<\/div>\n\t\t\t\t<\/div>\n\t\t\t\t\t<\/div>\n\t\t\t\t<\/div>\n\t\t<div class=\"elementor-element elementor-element-0c16f67 e-flex e-con-boxed e-con e-child\" data-id=\"0c16f67\" data-element_type=\"container\" data-e-type=\"container\" data-settings=\"{&quot;background_background&quot;:&quot;classic&quot;}\">\n\t\t\t\t\t<div class=\"e-con-inner\">\n\t\t\t\t<div class=\"elementor-element elementor-element-4d6dca8 elementor-widget elementor-widget-text-editor\" data-id=\"4d6dca8\" data-element_type=\"widget\" data-e-type=\"widget\" data-widget_type=\"text-editor.default\">\n\t\t\t\t\t\t<div class=\"elementor-widget-container\">\n\t\t\t\t\t\t\t\t\t<h3 style=\"text-align: center;\"><span style=\"color: #003366;\">training<\/span><\/h3><p style=\"text-align: center;\">Our employees will instruct you on how to handle the products using standard protocols.<\/p>\t\t\t\t\t\t\t\t<\/div>\n\t\t\t\t<\/div>\n\t\t\t\t\t<\/div>\n\t\t\t\t<\/div>\n\t\t\t\t\t<\/div>\n\t\t\t\t<\/div>\n\t\t\t\t<\/div>","protected":false},"excerpt":{"rendered":"<p>Thermische Denervierung \/ Stimulation RF-Therapie Mit Radimed RF-Thermoelement Elektroden, Thermol\u00e4sionskan\u00fclen und geeigneten RF-Generatoren effektiv Schmerzen lindern Zu den \u00fcblichen Anwendungen der HF-Behandlung in der Schmerztherapie geh\u00f6rt die Behandlung chronischer Schmerzen des Bewegungsapparats, z. B. in den Wirbels\u00e4ulenfacettengelenken, dem Iliosakralgelenk sowie in peripheren Gelenken wie Knie, H\u00fcfte, Ellenbogen oder Fu\u00df. Indikation Die Thermokoagulation und Stimulation (PRF) [&hellip;]<\/p>\n","protected":false},"author":1,"featured_media":0,"parent":1342,"menu_order":3,"comment_status":"closed","ping_status":"closed","template":"","meta":{"site-sidebar-layout":"no-sidebar","site-content-layout":"page-builder","ast-site-content-layout":"full-width-container","site-content-style":"unboxed","site-sidebar-style":"unboxed","ast-global-header-display":"","ast-banner-title-visibility":"","ast-main-header-display":"","ast-hfb-above-header-display":"","ast-hfb-below-header-display":"","ast-hfb-mobile-header-display":"","site-post-title":"","ast-breadcrumbs-content":"","ast-featured-img":"disabled","footer-sml-layout":"","ast-disable-related-posts":"","theme-transparent-header-meta":"enabled","adv-header-id-meta":"","stick-header-meta":"","header-above-stick-meta":"","header-main-stick-meta":"","header-below-stick-meta":"","astra-migrate-meta-layouts":"set","ast-page-background-enabled":"default","ast-page-background-meta":{"desktop":{"background-color":"","background-image":"","background-repeat":"repeat","background-position":"center center","background-size":"auto","background-attachment":"scroll","background-type":"","background-media":"","overlay-type":"","overlay-color":"","overlay-opacity":"","overlay-gradient":""},"tablet":{"background-color":"","background-image":"","background-repeat":"repeat","background-position":"center center","background-size":"auto","background-attachment":"scroll","background-type":"","background-media":"","overlay-type":"","overlay-color":"","overlay-opacity":"","overlay-gradient":""},"mobile":{"background-color":"","background-image":"","background-repeat":"repeat","background-position":"center center","background-size":"auto","background-attachment":"scroll","background-type":"","background-media":"","overlay-type":"","overlay-color":"","overlay-opacity":"","overlay-gradient":""}},"ast-content-background-meta":{"desktop":{"background-color":"var(--ast-global-color-5)","background-image":"","background-repeat":"repeat","background-position":"center center","background-size":"auto","background-attachment":"scroll","background-type":"","background-media":"","overlay-type":"","overlay-color":"","overlay-opacity":"","overlay-gradient":""},"tablet":{"background-color":"var(--ast-global-color-5)","background-image":"","background-repeat":"repeat","background-position":"center center","background-size":"auto","background-attachment":"scroll","background-type":"","background-media":"","overlay-type":"","overlay-color":"","overlay-opacity":"","overlay-gradient":""},"mobile":{"background-color":"var(--ast-global-color-5)","background-image":"","background-repeat":"repeat","background-position":"center center","background-size":"auto","background-attachment":"scroll","background-type":"","background-media":"","overlay-type":"","overlay-color":"","overlay-opacity":"","overlay-gradient":""}},"footnotes":""},"class_list":["post-1348","page","type-page","status-publish","hentry"],"_links":{"self":[{"href":"https:\/\/radimed.de\/en\/wp-json\/wp\/v2\/pages\/1348","targetHints":{"allow":["GET"]}}],"collection":[{"href":"https:\/\/radimed.de\/en\/wp-json\/wp\/v2\/pages"}],"about":[{"href":"https:\/\/radimed.de\/en\/wp-json\/wp\/v2\/types\/page"}],"author":[{"embeddable":true,"href":"https:\/\/radimed.de\/en\/wp-json\/wp\/v2\/users\/1"}],"replies":[{"embeddable":true,"href":"https:\/\/radimed.de\/en\/wp-json\/wp\/v2\/comments?post=1348"}],"version-history":[{"count":31,"href":"https:\/\/radimed.de\/en\/wp-json\/wp\/v2\/pages\/1348\/revisions"}],"predecessor-version":[{"id":4087,"href":"https:\/\/radimed.de\/en\/wp-json\/wp\/v2\/pages\/1348\/revisions\/4087"}],"up":[{"embeddable":true,"href":"https:\/\/radimed.de\/en\/wp-json\/wp\/v2\/pages\/1342"}],"wp:attachment":[{"href":"https:\/\/radimed.de\/en\/wp-json\/wp\/v2\/media?parent=1348"}],"curies":[{"name":"wp","href":"https:\/\/api.w.org\/{rel}","templated":true}]}}