{"id":1340,"date":"2023-03-06T18:41:37","date_gmt":"2023-03-06T18:41:37","guid":{"rendered":"https:\/\/jolly-knuth.91-250-114-234.plesk.page\/?page_id=1340"},"modified":"2024-07-03T08:07:55","modified_gmt":"2024-07-03T08:07:55","slug":"qualitaet","status":"publish","type":"page","link":"https:\/\/radimed.de\/en\/qualitaet\/","title":{"rendered":"Quality"},"content":{"rendered":"<div data-elementor-type=\"wp-post\" data-elementor-id=\"1340\" class=\"elementor elementor-1340\" data-elementor-post-type=\"page\">\n\t\t\t\t<div class=\"elementor-element elementor-element-aa43cbb e-flex e-con-boxed e-con e-parent\" data-id=\"aa43cbb\" data-element_type=\"container\" data-e-type=\"container\" data-settings=\"{&quot;background_background&quot;:&quot;classic&quot;,&quot;shape_divider_bottom&quot;:&quot;waves&quot;,&quot;shape_divider_bottom_negative&quot;:&quot;yes&quot;}\">\n\t\t\t\t\t<div class=\"e-con-inner\">\n\t\t\t\t<div class=\"elementor-shape elementor-shape-bottom\" aria-hidden=\"true\" data-negative=\"true\">\n\t\t\t<svg xmlns=\"http:\/\/www.w3.org\/2000\/svg\" viewbox=\"0 0 1000 100\" preserveaspectratio=\"none\">\n\t<path class=\"elementor-shape-fill\" d=\"M790.5,93.1c-59.3-5.3-116.8-18-192.6-50c-29.6-12.7-76.9-31-100.5-35.9c-23.6-4.9-52.6-7.8-75.5-5.3\tc-10.2,1.1-22.6,1.4-50.1,7.4c-27.2,6.3-58.2,16.6-79.4,24.7c-41.3,15.9-94.9,21.9-134,22.6C72,58.2,0,25.8,0,25.8V100h1000V65.3\tc0,0-51.5,19.4-106.2,25.7C839.5,97,814.1,95.2,790.5,93.1z\"\/>\n<\/svg>\t\t<\/div>\n\t\t<div class=\"elementor-element elementor-element-40863963 e-con-full e-flex e-con e-child\" data-id=\"40863963\" data-element_type=\"container\" data-e-type=\"container\">\n\t\t\t\t<div class=\"elementor-element elementor-element-34c01e81 elementor-widget elementor-widget-heading\" data-id=\"34c01e81\" data-element_type=\"widget\" data-e-type=\"widget\" data-widget_type=\"heading.default\">\n\t\t\t\t\t\t<div class=\"elementor-widget-container\">\n\t\t\t\t\t<h6 class=\"elementor-heading-title elementor-size-default\">Quality and Regulations<\/h6>\t\t\t\t<\/div>\n\t\t\t\t<\/div>\n\t\t\t\t<div class=\"elementor-element elementor-element-67a1a726 elementor-widget elementor-widget-heading\" data-id=\"67a1a726\" data-element_type=\"widget\" data-e-type=\"widget\" data-widget_type=\"heading.default\">\n\t\t\t\t\t\t<div class=\"elementor-widget-container\">\n\t\t\t\t\t<h1 class=\"elementor-heading-title elementor-size-default\">Qualitymanagement and <br \/>Regulatory Affairs<\/h1>\t\t\t\t<\/div>\n\t\t\t\t<\/div>\n\t\t\t\t<\/div>\n\t\t\t\t\t<\/div>\n\t\t\t\t<\/div>\n\t\t<div class=\"elementor-element elementor-element-8ce9340 e-flex e-con-boxed e-con e-parent\" data-id=\"8ce9340\" data-element_type=\"container\" data-e-type=\"container\" id=\"dental_about\" data-settings=\"{&quot;background_background&quot;:&quot;classic&quot;}\">\n\t\t\t\t\t<div class=\"e-con-inner\">\n\t\t<div class=\"elementor-element elementor-element-34c46ce e-con-full e-flex e-con e-child\" data-id=\"34c46ce\" data-element_type=\"container\" data-e-type=\"container\">\n\t\t\t\t<div class=\"elementor-element elementor-element-a4d43ff elementor-widget elementor-widget-heading\" data-id=\"a4d43ff\" data-element_type=\"widget\" data-e-type=\"widget\" data-widget_type=\"heading.default\">\n\t\t\t\t\t\t<div class=\"elementor-widget-container\">\n\t\t\t\t\t<h4 class=\"elementor-heading-title elementor-size-default\">Radimed GmbH&#039;s expertise is characterized by over 25 years of experience in the field of conformity assessment of medical devices.<\/h4>\t\t\t\t<\/div>\n\t\t\t\t<\/div>\n\t\t\t\t<div class=\"elementor-element elementor-element-827297c elementor-widget elementor-widget-text-editor\" data-id=\"827297c\" data-element_type=\"widget\" data-e-type=\"widget\" data-widget_type=\"text-editor.default\">\n\t\t\t\t\t\t<div class=\"elementor-widget-container\">\n\t\t\t\t\t\t\t\t\t<div class=\"ce-textpic ce-right ce-intext\"><div class=\"ce-bodytext\"><p>As a manufacturer of medical devices, Radimed GmbH uses a complete quality management system to comply with legal requirements.<br \/>To ensure product quality, the QM system is certified according to the harmonized standard DIN EN ISO 13485 by an accredited certification body.<\/p><p>With the entry into force of the European Medical Device Regulation (MDR), the importance of quality management has increased even further.<\/p><p>Radimed GmbH carries out conformity assessment procedures for medical devices in accordance with Regulation (EU) 2017\/745 (MDR), which are certified and monitored by a notified body. All of our products bear a CE mark.<\/p><p>We are currently in the transition phase, so that some of our products have already been successfully certified according to the MDR, while some are still being marketed as legacy devices.<\/p><p>The relevant certificates and declarations can be found in our download area.<\/p><p>If you have any questions, please contact us<\/p><\/div><\/div>\t\t\t\t\t\t\t\t<\/div>\n\t\t\t\t<\/div>\n\t\t\t\t<\/div>\n\t\t<div class=\"elementor-element elementor-element-ad34cf9 e-con-full e-flex e-con e-child\" data-id=\"ad34cf9\" data-element_type=\"container\" data-e-type=\"container\" data-settings=\"{&quot;background_background&quot;:&quot;classic&quot;}\">\n\t\t\t\t<div class=\"elementor-element elementor-element-d28277e elementor-widget elementor-widget-image\" data-id=\"d28277e\" data-element_type=\"widget\" data-e-type=\"widget\" data-widget_type=\"image.default\">\n\t\t\t\t\t\t<div class=\"elementor-widget-container\">\n\t\t\t\t\t\t\t\t\t\t\t\t\t\t\t<img decoding=\"async\" src=\"https:\/\/radimed.de\/wp-content\/uploads\/elementor\/thumbs\/QM-System_1000_square-qp5u211f416k9978bcxpm59gd92z45pyudsmfv5ls8.jpg\" title=\"QM-System_1000_square\" alt=\"QM-System_1000_square\" loading=\"lazy\" \/>\t\t\t\t\t\t\t\t\t\t\t\t\t\t\t<\/div>\n\t\t\t\t<\/div>\n\t\t\t\t<\/div>\n\t\t\t\t\t<\/div>\n\t\t\t\t<\/div>\n\t\t<div class=\"elementor-element elementor-element-406acdc e-flex e-con-boxed e-con e-parent\" data-id=\"406acdc\" data-element_type=\"container\" data-e-type=\"container\" data-settings=\"{&quot;background_background&quot;:&quot;classic&quot;}\">\n\t\t\t\t\t<div class=\"e-con-inner\">\n\t\t<div class=\"elementor-element elementor-element-553162eb e-con-full e-flex e-con e-child\" data-id=\"553162eb\" data-element_type=\"container\" data-e-type=\"container\" data-settings=\"{&quot;background_background&quot;:&quot;gradient&quot;}\">\n\t\t\t\t<div class=\"elementor-element elementor-element-647d73cd elementor-widget elementor-widget-heading\" data-id=\"647d73cd\" data-element_type=\"widget\" data-e-type=\"widget\" data-widget_type=\"heading.default\">\n\t\t\t\t\t\t<div class=\"elementor-widget-container\">\n\t\t\t\t\t<h3 class=\"elementor-heading-title elementor-size-default\">Quality<\/h3>\t\t\t\t<\/div>\n\t\t\t\t<\/div>\n\t\t\t\t<div class=\"elementor-element elementor-element-2d42e205 elementor-widget elementor-widget-text-editor\" data-id=\"2d42e205\" data-element_type=\"widget\" data-e-type=\"widget\" data-widget_type=\"text-editor.default\">\n\t\t\t\t\t\t<div class=\"elementor-widget-container\">\n\t\t\t\t\t\t\t\t\t<p>Safe and high-quality products are achieved through monitored production and validated or verified processes.<\/p>\t\t\t\t\t\t\t\t<\/div>\n\t\t\t\t<\/div>\n\t\t\t\t<\/div>\n\t\t<div class=\"elementor-element elementor-element-4f0be0f3 e-con-full e-flex e-con e-child\" data-id=\"4f0be0f3\" data-element_type=\"container\" data-e-type=\"container\" data-settings=\"{&quot;background_background&quot;:&quot;gradient&quot;}\">\n\t\t\t\t<div class=\"elementor-element elementor-element-2d5ec6e4 elementor-widget elementor-widget-heading\" data-id=\"2d5ec6e4\" data-element_type=\"widget\" data-e-type=\"widget\" data-widget_type=\"heading.default\">\n\t\t\t\t\t\t<div class=\"elementor-widget-container\">\n\t\t\t\t\t<h3 class=\"elementor-heading-title elementor-size-default\">Complaint<\/h3>\t\t\t\t<\/div>\n\t\t\t\t<\/div>\n\t\t\t\t<div class=\"elementor-element elementor-element-3d928d6d elementor-widget elementor-widget-text-editor\" data-id=\"3d928d6d\" data-element_type=\"widget\" data-e-type=\"widget\" data-widget_type=\"text-editor.default\">\n\t\t\t\t\t\t<div class=\"elementor-widget-container\">\n\t\t\t\t\t\t\t\t\t<p>If you are dissatisfied with the products or service or if you encounter any problems, please contact us directly so that we can improve.<\/p>\t\t\t\t\t\t\t\t<\/div>\n\t\t\t\t<\/div>\n\t\t\t\t<\/div>\n\t\t<div class=\"elementor-element elementor-element-32cf3394 e-con-full e-flex e-con e-child\" data-id=\"32cf3394\" data-element_type=\"container\" data-e-type=\"container\" data-settings=\"{&quot;background_background&quot;:&quot;gradient&quot;}\">\n\t\t\t\t<div class=\"elementor-element elementor-element-7e8a6f98 elementor-widget elementor-widget-heading\" data-id=\"7e8a6f98\" data-element_type=\"widget\" data-e-type=\"widget\" data-widget_type=\"heading.default\">\n\t\t\t\t\t\t<div class=\"elementor-widget-container\">\n\t\t\t\t\t<h3 class=\"elementor-heading-title elementor-size-default\">QM-System<\/h3>\t\t\t\t<\/div>\n\t\t\t\t<\/div>\n\t\t\t\t<div class=\"elementor-element elementor-element-2a9555fe elementor-widget elementor-widget-text-editor\" data-id=\"2a9555fe\" data-element_type=\"widget\" data-e-type=\"widget\" data-widget_type=\"text-editor.default\">\n\t\t\t\t\t\t<div class=\"elementor-widget-container\">\n\t\t\t\t\t\t\t\t\tTo continuously improve and monitor our product quality, our QM system includes processes such as:\n<ul>\n \t<li>documentation<\/li>\n \t<li>Complaints processing<\/li>\n \t<li>CAPA<\/li>\n \t<li>Audit<\/li>\n \t<li>training<\/li>\n \t<li>Change Control<\/li>\n<\/ul>\t\t\t\t\t\t\t\t<\/div>\n\t\t\t\t<\/div>\n\t\t\t\t<\/div>\n\t\t<div class=\"elementor-element elementor-element-74c3d5c2 e-con-full e-flex e-con e-child\" data-id=\"74c3d5c2\" data-element_type=\"container\" data-e-type=\"container\" data-settings=\"{&quot;background_background&quot;:&quot;gradient&quot;}\">\n\t\t\t\t<div class=\"elementor-element elementor-element-2b3d80f4 elementor-widget elementor-widget-heading\" data-id=\"2b3d80f4\" data-element_type=\"widget\" data-e-type=\"widget\" data-widget_type=\"heading.default\">\n\t\t\t\t\t\t<div class=\"elementor-widget-container\">\n\t\t\t\t\t<h3 class=\"elementor-heading-title elementor-size-default\">Traceable<\/h3>\t\t\t\t<\/div>\n\t\t\t\t<\/div>\n\t\t\t\t<div class=\"elementor-element elementor-element-2fe0a92b elementor-widget elementor-widget-text-editor\" data-id=\"2fe0a92b\" data-element_type=\"widget\" data-e-type=\"widget\" data-widget_type=\"text-editor.default\">\n\t\t\t\t\t\t<div class=\"elementor-widget-container\">\n\t\t\t\t\t\t\t\t\t<p>All Radimed products have batch or serial numbers and can be fully traced.<\/p>\t\t\t\t\t\t\t\t<\/div>\n\t\t\t\t<\/div>\n\t\t\t\t<\/div>\n\t\t<div class=\"elementor-element elementor-element-30ea4d81 e-con-full e-flex e-con e-child\" data-id=\"30ea4d81\" data-element_type=\"container\" data-e-type=\"container\" data-settings=\"{&quot;background_background&quot;:&quot;gradient&quot;}\">\n\t\t\t\t<div class=\"elementor-element elementor-element-655e9df9 elementor-widget elementor-widget-heading\" data-id=\"655e9df9\" data-element_type=\"widget\" data-e-type=\"widget\" data-widget_type=\"heading.default\">\n\t\t\t\t\t\t<div class=\"elementor-widget-container\">\n\t\t\t\t\t<h3 class=\"elementor-heading-title elementor-size-default\">Identifiable<\/h3>\t\t\t\t<\/div>\n\t\t\t\t<\/div>\n\t\t\t\t<div class=\"elementor-element elementor-element-4e60ee1a elementor-widget elementor-widget-text-editor\" data-id=\"4e60ee1a\" data-element_type=\"widget\" data-e-type=\"widget\" data-widget_type=\"text-editor.default\">\n\t\t\t\t\t\t<div class=\"elementor-widget-container\">\n\t\t\t\t\t\t\t\t\t<p>The UDI marking including barcode helps to identify the products quickly and easily.<\/p>\t\t\t\t\t\t\t\t<\/div>\n\t\t\t\t<\/div>\n\t\t\t\t<\/div>\n\t\t\t\t\t<\/div>\n\t\t\t\t<\/div>\n\t\t<div class=\"elementor-element elementor-element-766d8c8 elementor-hidden-desktop elementor-hidden-tablet elementor-hidden-mobile e-flex e-con-boxed e-con e-parent\" data-id=\"766d8c8\" data-element_type=\"container\" data-e-type=\"container\">\n\t\t\t\t\t<div class=\"e-con-inner\">\n\t\t\t\t<div class=\"elementor-element elementor-element-4a16247 elementor-widget elementor-widget-heading\" data-id=\"4a16247\" data-element_type=\"widget\" data-e-type=\"widget\" data-widget_type=\"heading.default\">\n\t\t\t\t\t\t<div class=\"elementor-widget-container\">\n\t\t\t\t\t<h2 class=\"elementor-heading-title elementor-size-default\">Safely monitored<\/h2>\t\t\t\t<\/div>\n\t\t\t\t<\/div>\n\t\t\t\t<div class=\"elementor-element elementor-element-e3da205 elementor-widget elementor-widget-text-editor\" data-id=\"e3da205\" data-element_type=\"widget\" data-e-type=\"widget\" data-widget_type=\"text-editor.default\">\n\t\t\t\t\t\t<div class=\"elementor-widget-container\">\n\t\t\t\t\t\t\t\t\t<p>Even after the products have been placed on the market, they continue to be monitored continuously by market surveillance.<br \/>As a user of our products, take part in our surveys and help us to collect important information about their<span class=\"Apple-converted-space\">\u00a0 <\/span>to receive a rating.<br \/>By scanning the QR codes below, you can quickly and easily access the relevant surveys. Completing the questionnaires only takes about 2 minutes.<\/p>\t\t\t\t\t\t\t\t<\/div>\n\t\t\t\t<\/div>\n\t\t<div class=\"elementor-element elementor-element-2aa80c4 e-flex e-con-boxed e-con e-child\" data-id=\"2aa80c4\" data-element_type=\"container\" data-e-type=\"container\">\n\t\t\t\t\t<div class=\"e-con-inner\">\n\t\t<div class=\"elementor-element elementor-element-2fa8597 e-con-full e-flex e-con e-child\" data-id=\"2fa8597\" data-element_type=\"container\" data-e-type=\"container\">\n\t\t<div class=\"elementor-element elementor-element-f443b90 e-con-full e-flex e-con e-child\" data-id=\"f443b90\" data-element_type=\"container\" data-e-type=\"container\">\n\t\t\t\t<div class=\"elementor-element elementor-element-712d814 elementor-position-top elementor-widget elementor-widget-image-box\" data-id=\"712d814\" data-element_type=\"widget\" data-e-type=\"widget\" data-widget_type=\"image-box.default\">\n\t\t\t\t\t\t<div class=\"elementor-widget-container\">\n\t\t\t\t\t<div class=\"elementor-image-box-wrapper\"><figure class=\"elementor-image-box-img\"><img fetchpriority=\"high\" decoding=\"async\" width=\"500\" height=\"500\" src=\"https:\/\/radimed.de\/wp-content\/uploads\/2024\/03\/qr_anwendungsbefragung_feinnadeln.png\" class=\"attachment-full size-full wp-image-1996\" alt=\"\" srcset=\"https:\/\/radimed.de\/wp-content\/uploads\/2024\/03\/qr_anwendungsbefragung_feinnadeln.png 500w, https:\/\/radimed.de\/wp-content\/uploads\/2024\/03\/qr_anwendungsbefragung_feinnadeln-300x300.png 300w, https:\/\/radimed.de\/wp-content\/uploads\/2024\/03\/qr_anwendungsbefragung_feinnadeln-150x150.png 150w\" sizes=\"(max-width: 500px) 100vw, 500px\" \/><\/figure><div class=\"elementor-image-box-content\"><h3 class=\"elementor-image-box-title\">Fine needles<\/h3><p class=\"elementor-image-box-description\">-&gt; To the user survey<\/p><\/div><\/div>\t\t\t\t<\/div>\n\t\t\t\t<\/div>\n\t\t\t\t<\/div>\n\t\t<div class=\"elementor-element elementor-element-cf2afbd e-con-full e-flex e-con e-child\" data-id=\"cf2afbd\" data-element_type=\"container\" data-e-type=\"container\">\n\t\t\t\t<div class=\"elementor-element elementor-element-d6820f8 elementor-position-top elementor-widget elementor-widget-image-box\" data-id=\"d6820f8\" data-element_type=\"widget\" data-e-type=\"widget\" data-widget_type=\"image-box.default\">\n\t\t\t\t\t\t<div class=\"elementor-widget-container\">\n\t\t\t\t\t<div class=\"elementor-image-box-wrapper\"><figure class=\"elementor-image-box-img\"><img decoding=\"async\" width=\"500\" height=\"500\" src=\"https:\/\/radimed.de\/wp-content\/uploads\/2024\/03\/qr_anwendungsbefragung_laserfasern_pldd.png\" class=\"attachment-full size-full wp-image-1997\" alt=\"\" srcset=\"https:\/\/radimed.de\/wp-content\/uploads\/2024\/03\/qr_anwendungsbefragung_laserfasern_pldd.png 500w, https:\/\/radimed.de\/wp-content\/uploads\/2024\/03\/qr_anwendungsbefragung_laserfasern_pldd-300x300.png 300w, https:\/\/radimed.de\/wp-content\/uploads\/2024\/03\/qr_anwendungsbefragung_laserfasern_pldd-150x150.png 150w\" sizes=\"(max-width: 500px) 100vw, 500px\" \/><\/figure><div class=\"elementor-image-box-content\"><h3 class=\"elementor-image-box-title\">Laser fibers for PLDD<\/h3><p class=\"elementor-image-box-description\">-&gt; To the user survey<\/p><\/div><\/div>\t\t\t\t<\/div>\n\t\t\t\t<\/div>\n\t\t\t\t<\/div>\n\t\t<div class=\"elementor-element elementor-element-e5c526e e-con-full e-flex e-con e-child\" data-id=\"e5c526e\" data-element_type=\"container\" data-e-type=\"container\">\n\t\t\t\t<div class=\"elementor-element elementor-element-bf4b8fa elementor-position-top elementor-widget elementor-widget-image-box\" data-id=\"bf4b8fa\" data-element_type=\"widget\" data-e-type=\"widget\" data-widget_type=\"image-box.default\">\n\t\t\t\t\t\t<div class=\"elementor-widget-container\">\n\t\t\t\t\t<div class=\"elementor-image-box-wrapper\"><figure class=\"elementor-image-box-img\"><img decoding=\"async\" width=\"500\" height=\"500\" src=\"https:\/\/radimed.de\/wp-content\/uploads\/2024\/03\/qr_anwendungsbefragung_thermolaesionskanuelen.png\" class=\"attachment-full size-full wp-image-1999\" alt=\"\" srcset=\"https:\/\/radimed.de\/wp-content\/uploads\/2024\/03\/qr_anwendungsbefragung_thermolaesionskanuelen.png 500w, https:\/\/radimed.de\/wp-content\/uploads\/2024\/03\/qr_anwendungsbefragung_thermolaesionskanuelen-300x300.png 300w, https:\/\/radimed.de\/wp-content\/uploads\/2024\/03\/qr_anwendungsbefragung_thermolaesionskanuelen-150x150.png 150w\" sizes=\"(max-width: 500px) 100vw, 500px\" \/><\/figure><div class=\"elementor-image-box-content\"><h3 class=\"elementor-image-box-title\">Thermolesion cannulas<\/h3><p class=\"elementor-image-box-description\">-&gt; To the user survey<\/p><\/div><\/div>\t\t\t\t<\/div>\n\t\t\t\t<\/div>\n\t\t\t\t<\/div>\n\t\t<div class=\"elementor-element elementor-element-6843691 e-con-full e-flex e-con e-child\" data-id=\"6843691\" data-element_type=\"container\" data-e-type=\"container\">\n\t\t\t\t<div class=\"elementor-element elementor-element-04bc0b4 elementor-position-top elementor-widget elementor-widget-image-box\" data-id=\"04bc0b4\" data-element_type=\"widget\" data-e-type=\"widget\" data-widget_type=\"image-box.default\">\n\t\t\t\t\t\t<div class=\"elementor-widget-container\">\n\t\t\t\t\t<div class=\"elementor-image-box-wrapper\"><figure class=\"elementor-image-box-img\"><img loading=\"lazy\" decoding=\"async\" width=\"500\" height=\"500\" src=\"https:\/\/radimed.de\/wp-content\/uploads\/2024\/03\/qr_anwendungsbefragung_rf_elektroden.png\" class=\"attachment-full size-full wp-image-1998\" alt=\"\" srcset=\"https:\/\/radimed.de\/wp-content\/uploads\/2024\/03\/qr_anwendungsbefragung_rf_elektroden.png 500w, https:\/\/radimed.de\/wp-content\/uploads\/2024\/03\/qr_anwendungsbefragung_rf_elektroden-300x300.png 300w, https:\/\/radimed.de\/wp-content\/uploads\/2024\/03\/qr_anwendungsbefragung_rf_elektroden-150x150.png 150w\" sizes=\"(max-width: 500px) 100vw, 500px\" \/><\/figure><div class=\"elementor-image-box-content\"><h3 class=\"elementor-image-box-title\">RF electrodes<\/h3><p class=\"elementor-image-box-description\">-&gt; To the user survey<\/p><\/div><\/div>\t\t\t\t<\/div>\n\t\t\t\t<\/div>\n\t\t\t\t<\/div>\n\t\t\t\t<\/div>\n\t\t\t\t\t<\/div>\n\t\t\t\t<\/div>\n\t\t\t\t\t<\/div>\n\t\t\t\t<\/div>\n\t\t\t\t<\/div>","protected":false},"excerpt":{"rendered":"<p>Qualit\u00e4t und Regularien Qualit\u00e4tsmanagement und Regulatorische Angelegenheiten \u00dcber 25 Jahre Erfahrung im Bereich der Konformit\u00e4tsbewertung von Medizinprodukten zeichnen die Kompetenz der Radimed GmbH aus. Als Hersteller von Medizinprodukten nutzt die Radimed GmbH zur Einhaltung der gesetzlichen Anforderungen ein vollst\u00e4ndiges Qualit\u00e4tsmanagementsystem. ZurSicherstellung der Produktqualit\u00e4t ist das QM System nach der harmonisierten Norm DIN EN ISO 13485 [&hellip;]<\/p>\n","protected":false},"author":1,"featured_media":0,"parent":0,"menu_order":0,"comment_status":"closed","ping_status":"closed","template":"","meta":{"site-sidebar-layout":"no-sidebar","site-content-layout":"page-builder","ast-site-content-layout":"default","site-content-style":"default","site-sidebar-style":"default","ast-global-header-display":"","ast-banner-title-visibility":"","ast-main-header-display":"","ast-hfb-above-header-display":"","ast-hfb-below-header-display":"","ast-hfb-mobile-header-display":"","site-post-title":"disabled","ast-breadcrumbs-content":"","ast-featured-img":"disabled","footer-sml-layout":"","ast-disable-related-posts":"","theme-transparent-header-meta":"enabled","adv-header-id-meta":"","stick-header-meta":"","header-above-stick-meta":"","header-main-stick-meta":"","header-below-stick-meta":"","astra-migrate-meta-layouts":"default","ast-page-background-enabled":"default","ast-page-background-meta":{"desktop":{"background-color":"","background-image":"","background-repeat":"repeat","background-position":"center center","background-size":"auto","background-attachment":"scroll","background-type":"","background-media":"","overlay-type":"","overlay-color":"","overlay-opacity":"","overlay-gradient":""},"tablet":{"background-color":"","background-image":"","background-repeat":"repeat","background-position":"center center","background-size":"auto","background-attachment":"scroll","background-type":"","background-media":"","overlay-type":"","overlay-color":"","overlay-opacity":"","overlay-gradient":""},"mobile":{"background-color":"","background-image":"","background-repeat":"repeat","background-position":"center center","background-size":"auto","background-attachment":"scroll","background-type":"","background-media":"","overlay-type":"","overlay-color":"","overlay-opacity":"","overlay-gradient":""}},"ast-content-background-meta":{"desktop":{"background-color":"var(--ast-global-color-5)","background-image":"","background-repeat":"repeat","background-position":"center center","background-size":"auto","background-attachment":"scroll","background-type":"","background-media":"","overlay-type":"","overlay-color":"","overlay-opacity":"","overlay-gradient":""},"tablet":{"background-color":"var(--ast-global-color-5)","background-image":"","background-repeat":"repeat","background-position":"center center","background-size":"auto","background-attachment":"scroll","background-type":"","background-media":"","overlay-type":"","overlay-color":"","overlay-opacity":"","overlay-gradient":""},"mobile":{"background-color":"var(--ast-global-color-5)","background-image":"","background-repeat":"repeat","background-position":"center center","background-size":"auto","background-attachment":"scroll","background-type":"","background-media":"","overlay-type":"","overlay-color":"","overlay-opacity":"","overlay-gradient":""}},"footnotes":""},"class_list":["post-1340","page","type-page","status-publish","hentry"],"_links":{"self":[{"href":"https:\/\/radimed.de\/en\/wp-json\/wp\/v2\/pages\/1340","targetHints":{"allow":["GET"]}}],"collection":[{"href":"https:\/\/radimed.de\/en\/wp-json\/wp\/v2\/pages"}],"about":[{"href":"https:\/\/radimed.de\/en\/wp-json\/wp\/v2\/types\/page"}],"author":[{"embeddable":true,"href":"https:\/\/radimed.de\/en\/wp-json\/wp\/v2\/users\/1"}],"replies":[{"embeddable":true,"href":"https:\/\/radimed.de\/en\/wp-json\/wp\/v2\/comments?post=1340"}],"version-history":[{"count":16,"href":"https:\/\/radimed.de\/en\/wp-json\/wp\/v2\/pages\/1340\/revisions"}],"predecessor-version":[{"id":3631,"href":"https:\/\/radimed.de\/en\/wp-json\/wp\/v2\/pages\/1340\/revisions\/3631"}],"wp:attachment":[{"href":"https:\/\/radimed.de\/en\/wp-json\/wp\/v2\/media?parent=1340"}],"curies":[{"name":"wp","href":"https:\/\/api.w.org\/{rel}","templated":true}]}}